{"id":12162,"date":"2024-04-17T12:49:12","date_gmt":"2024-04-17T10:49:12","guid":{"rendered":"https:\/\/cisa.cat\/tanques-de-fusta\/"},"modified":"2024-09-05T10:45:11","modified_gmt":"2024-09-05T08:45:11","slug":"vallas-de-madera","status":"publish","type":"page","link":"https:\/\/cisa.cat\/es\/vallas-de-madera\/","title":{"rendered":"Vallas de Madera"},"content":{"rendered":"\t\t<div data-elementor-type=\"wp-page\" data-elementor-id=\"12162\" class=\"elementor elementor-12162 elementor-11467\">\n\t\t\t\t<div class=\"elementor-element elementor-element-74c527f e-flex e-con-boxed e-con e-parent\" data-id=\"74c527f\" data-element_type=\"container\" data-core-v316-plus=\"true\">\n\t\t\t\t\t<div class=\"e-con-inner\">\n\t\t\t\t<div class=\"elementor-element elementor-element-de8fc1a elementor-widget elementor-widget-heading\" data-id=\"de8fc1a\" data-element_type=\"widget\" data-widget_type=\"heading.default\">\n\t\t\t\t<div class=\"elementor-widget-container\">\n\t\t\t<style>\/*! elementor - v3.20.0 - 26-03-2024 *\/\n.elementor-heading-title{padding:0;margin:0;line-height:1}.elementor-widget-heading .elementor-heading-title[class*=elementor-size-]>a{color:inherit;font-size:inherit;line-height:inherit}.elementor-widget-heading .elementor-heading-title.elementor-size-small{font-size:15px}.elementor-widget-heading .elementor-heading-title.elementor-size-medium{font-size:19px}.elementor-widget-heading .elementor-heading-title.elementor-size-large{font-size:29px}.elementor-widget-heading .elementor-heading-title.elementor-size-xl{font-size:39px}.elementor-widget-heading .elementor-heading-title.elementor-size-xxl{font-size:59px}<\/style><h1 class=\"elementor-heading-title elementor-size-default\">Vallas de Madera<\/h1>\t\t<\/div>\n\t\t\t\t<\/div>\n\t\t\t\t<div class=\"elementor-element elementor-element-aeecf26 akin-star-rating--align-center elementor-widget elementor-widget-witr_section_title\" data-id=\"aeecf26\" data-element_type=\"widget\" data-widget_type=\"witr_section_title.default\">\n\t\t\t\t<div class=\"elementor-widget-container\">\n\t\t\t\t\t\t\t\t<!-- title left -->\n\t\t\t\t\t<div class=\"witr_section_title\">\n\t\t\t\t\t\t<div class=\"witr_section_title_inner text-left\">\n\t\t\t\t\t\t\n\t\t\t\t\t\t\t<!-- icon position -->\n\t\t\t\t\t\t\t\t\n\t\t\t\t\t\t\t<!-- end icon position -->\n\t\t\t\t\t\t\n\t\t\t\t\t\t\n\t\t\t\t\t\t\t<!-- title top -->\n\t\t\t\t\t\t\t\n\t\t\t\t\t\t\t<!-- icon position -->\n\t\t\t\t\t\t\t\t\n\t\t\t\t\t\t\t<!-- end icon position -->\n\n\t\t\t\t\t\t\t\n\t\t\t\t\t\t\t<!-- title middle -->\n\t\t\t\t\t\t\t\t\t\t\t\t\t\t<!-- title bottom -->\n\t\t\t\t\t\t\t\t\t\t\t\t\t\t\n\t\t\t\t\t\t\t<!-- icon position -->\n\t\t\t\t\t\t\t\t\t\t\t\t\t\t\n\t\t\t\t\t\t\t<!-- image -->\n\t\t\t\t\t\t\t\t\t\t\t\t\t\t<!-- icon -->\n\t\t\t\t\t\t\t\t\t\t\t\t\t\t\n\t\t\t\t\t\t\t<!-- bar -->\n\t\t\t\t\t\t\t\t\t\t\t\t\t\t<!-- circle bar -->\n\t\t\t\t\t\t\t\t\t\t\t\t\t\t\n\t\t\t\t\t\t\t\t\n\t\t\t\t\t\t\t<!-- end icon position -->\n\n\t\t\t\t\t\t\t<!-- content -->\n\t\t\t\t\t\t\t\t\t\t\t\t\t\t\t<p>El servicio de vallas de madera consiste en la instalaci\u00f3n de vallas hechas principalmente de madera para delimitar \u00e1reas, propiedades o jardines. Estas vallas no s\u00f3lo sirven como barreras f\u00edsicas, sino que tambi\u00e9n pueden a\u00f1adir est\u00e9tica y privacidad a un espacio exterior.\n<br><br>\nEn resumen, el servicio de vallas de madera implica la instalaci\u00f3n de vallas hechas con este material para diversos prop\u00f3sitos. Proporcionan delimitaci\u00f3n de \u00e1reas, privacidad y mejora est\u00e9tica de un espacio exterior. Es importante escoger materiales de calidad y mantener la valla adecuadamente. Adem\u00e1s, conviene considerar el dise\u00f1o y estilo que mejor se adapten a las necesidades y preferencias del cliente. <\/p>\t\t\n\t\t\t\t\t\t\t\t\t\t\t\t\t<\/div>\n\t\t\t\t\t\t\t<!-- inner title -->\n\t\t\t\t\t\t\t\t\t\t\t\t\t\n\t\t\t\t\t<\/div>\t\t\t\t\n\t\t\t\t\t\t<\/div>\n\t\t\t\t<\/div>\n\t\t\t\t\t<\/div>\n\t\t\t\t<\/div>\n\t\t<div class=\"elementor-element elementor-element-1eaa0c1 e-flex e-con-boxed e-con e-parent\" data-id=\"1eaa0c1\" data-element_type=\"container\" data-core-v316-plus=\"true\">\n\t\t\t\t\t<div class=\"e-con-inner\">\n\t\t<div class=\"elementor-element elementor-element-369d290 e-con-full e-flex e-con e-child\" data-id=\"369d290\" data-element_type=\"container\">\n\t\t\t\t<div class=\"elementor-element elementor-element-6ef48e0 elementor-widget elementor-widget-image\" data-id=\"6ef48e0\" data-element_type=\"widget\" data-widget_type=\"image.default\">\n\t\t\t\t<div class=\"elementor-widget-container\">\n\t\t\t<style>\/*! elementor - v3.20.0 - 26-03-2024 *\/\n.elementor-widget-image{text-align:center}.elementor-widget-image a{display:inline-block}.elementor-widget-image a img[src$=\".svg\"]{width:48px}.elementor-widget-image img{vertical-align:middle;display:inline-block}<\/style>\t\t\t\t\t\t\t\t\t\t<img fetchpriority=\"high\" decoding=\"async\" width=\"1024\" height=\"768\" src=\"https:\/\/cisa.cat\/wp-content\/uploads\/2024\/04\/vallas1-1024x768.jpg\" class=\"attachment-large size-large wp-image-11493\" alt=\"Tanques de fusta - Vallas de madera\" srcset=\"https:\/\/cisa.cat\/wp-content\/uploads\/2024\/04\/vallas1-1024x768.jpg 1024w, https:\/\/cisa.cat\/wp-content\/uploads\/2024\/04\/vallas1-300x225.jpg 300w, https:\/\/cisa.cat\/wp-content\/uploads\/2024\/04\/vallas1-768x576.jpg 768w, https:\/\/cisa.cat\/wp-content\/uploads\/2024\/04\/vallas1-1536x1152.jpg 1536w, https:\/\/cisa.cat\/wp-content\/uploads\/2024\/04\/vallas1.jpg 1600w\" sizes=\"(max-width: 1024px) 100vw, 1024px\" \/>\t\t\t\t\t\t\t\t\t\t\t\t\t<\/div>\n\t\t\t\t<\/div>\n\t\t\t\t<\/div>\n\t\t<div class=\"elementor-element elementor-element-88ef834 e-con-full e-flex e-con e-child\" data-id=\"88ef834\" data-element_type=\"container\">\n\t\t\t\t<div class=\"elementor-element elementor-element-150b3e5 elementor-widget elementor-widget-image\" data-id=\"150b3e5\" data-element_type=\"widget\" data-widget_type=\"image.default\">\n\t\t\t\t<div class=\"elementor-widget-container\">\n\t\t\t\t\t\t\t\t\t\t\t\t\t<img decoding=\"async\" width=\"1024\" height=\"768\" src=\"https:\/\/cisa.cat\/wp-content\/uploads\/2024\/04\/vallas2-1024x768.jpg\" class=\"attachment-large size-large wp-image-11492\" alt=\"Tanques de fusta - Vallas de madera\" srcset=\"https:\/\/cisa.cat\/wp-content\/uploads\/2024\/04\/vallas2-1024x768.jpg 1024w, https:\/\/cisa.cat\/wp-content\/uploads\/2024\/04\/vallas2-300x225.jpg 300w, https:\/\/cisa.cat\/wp-content\/uploads\/2024\/04\/vallas2-768x576.jpg 768w, https:\/\/cisa.cat\/wp-content\/uploads\/2024\/04\/vallas2-1536x1152.jpg 1536w, https:\/\/cisa.cat\/wp-content\/uploads\/2024\/04\/vallas2.jpg 1600w\" sizes=\"(max-width: 1024px) 100vw, 1024px\" \/>\t\t\t\t\t\t\t\t\t\t\t\t\t<\/div>\n\t\t\t\t<\/div>\n\t\t\t\t<\/div>\n\t\t\t\t\t<\/div>\n\t\t\t\t<\/div>\n\t\t\t\t<\/div>\n\t\t","protected":false},"excerpt":{"rendered":"<p>Vallas de Madera El servicio de vallas de madera consiste en la instalaci\u00f3n de vallas hechas principalmente de madera para delimitar \u00e1reas, propiedades o jardines. Estas vallas no s\u00f3lo sirven como barreras f\u00edsicas, sino que tambi\u00e9n pueden a\u00f1adir est\u00e9tica y privacidad a un espacio exterior. En resumen, el servicio de vallas de madera implica la [&hellip;]<\/p>\n","protected":false},"author":1,"featured_media":0,"parent":0,"menu_order":0,"comment_status":"closed","ping_status":"closed","template":"template-home.php","meta":{"footnotes":""},"class_list":["post-12162","page","type-page","status-publish","hentry"],"yoast_head":"<!-- This site is optimized with the Yoast SEO plugin v23.3 - https:\/\/yoast.com\/wordpress\/plugins\/seo\/ -->\n<title>Vallas de madera de calidad. Otorga un acabado est\u00e9tico<\/title>\n<meta name=\"description\" content=\"Especialistas en instalaci\u00f3n de vallas de madera. A\u00f1ade estilo y seguridad a tu propiedad con nuestras cercas de madera. \u00a1Cont\u00e1ctanos!\" \/>\n<meta name=\"robots\" content=\"index, follow, max-snippet:-1, max-image-preview:large, max-video-preview:-1\" \/>\n<link rel=\"canonical\" href=\"https:\/\/cisa.cat\/es\/vallas-de-madera\/\" \/>\n<meta property=\"og:locale\" content=\"es_ES\" \/>\n<meta property=\"og:type\" content=\"article\" \/>\n<meta property=\"og:title\" content=\"Vallas de madera de calidad. Otorga un acabado est\u00e9tico\" \/>\n<meta property=\"og:description\" content=\"Especialistas en instalaci\u00f3n de vallas de madera. A\u00f1ade estilo y seguridad a tu propiedad con nuestras cercas de madera. \u00a1Cont\u00e1ctanos!\" \/>\n<meta property=\"og:url\" content=\"https:\/\/cisa.cat\/es\/vallas-de-madera\/\" \/>\n<meta property=\"og:site_name\" content=\"Cisa\" \/>\n<meta property=\"article:publisher\" content=\"https:\/\/www.facebook.com\/CatalanaInfraestructures\/?locale=es_ES\" \/>\n<meta property=\"article:modified_time\" content=\"2024-09-05T08:45:11+00:00\" \/>\n<meta property=\"og:image\" content=\"https:\/\/cisa.cat\/wp-content\/uploads\/2024\/04\/vallas1-1024x768.jpg\" \/>\n<meta name=\"twitter:card\" content=\"summary_large_image\" \/>\n<meta name=\"twitter:label1\" content=\"Tiempo de lectura\" \/>\n\t<meta name=\"twitter:data1\" content=\"1 minuto\" \/>\n<script type=\"application\/ld+json\" class=\"yoast-schema-graph\">{\"@context\":\"https:\/\/schema.org\",\"@graph\":[{\"@type\":\"WebPage\",\"@id\":\"https:\/\/cisa.cat\/es\/vallas-de-madera\/\",\"url\":\"https:\/\/cisa.cat\/es\/vallas-de-madera\/\",\"name\":\"Vallas de madera de calidad. Otorga un acabado est\u00e9tico\",\"isPartOf\":{\"@id\":\"https:\/\/cisa.cat\/#website\"},\"primaryImageOfPage\":{\"@id\":\"https:\/\/cisa.cat\/es\/vallas-de-madera\/#primaryimage\"},\"image\":{\"@id\":\"https:\/\/cisa.cat\/es\/vallas-de-madera\/#primaryimage\"},\"thumbnailUrl\":\"https:\/\/cisa.cat\/wp-content\/uploads\/2024\/04\/vallas1-1024x768.jpg\",\"datePublished\":\"2024-04-17T10:49:12+00:00\",\"dateModified\":\"2024-09-05T08:45:11+00:00\",\"description\":\"Especialistas en instalaci\u00f3n de vallas de madera. A\u00f1ade estilo y seguridad a tu propiedad con nuestras cercas de madera. \u00a1Cont\u00e1ctanos!\",\"breadcrumb\":{\"@id\":\"https:\/\/cisa.cat\/es\/vallas-de-madera\/#breadcrumb\"},\"inLanguage\":\"es\",\"potentialAction\":[{\"@type\":\"ReadAction\",\"target\":[\"https:\/\/cisa.cat\/es\/vallas-de-madera\/\"]}]},{\"@type\":\"ImageObject\",\"inLanguage\":\"es\",\"@id\":\"https:\/\/cisa.cat\/es\/vallas-de-madera\/#primaryimage\",\"url\":\"https:\/\/cisa.cat\/wp-content\/uploads\/2024\/04\/vallas1-1024x768.jpg\",\"contentUrl\":\"https:\/\/cisa.cat\/wp-content\/uploads\/2024\/04\/vallas1-1024x768.jpg\"},{\"@type\":\"BreadcrumbList\",\"@id\":\"https:\/\/cisa.cat\/es\/vallas-de-madera\/#breadcrumb\",\"itemListElement\":[{\"@type\":\"ListItem\",\"position\":1,\"name\":\"Inici\",\"item\":\"https:\/\/cisa.cat\/es\/\"},{\"@type\":\"ListItem\",\"position\":2,\"name\":\"Vallas de Madera\"}]},{\"@type\":\"WebSite\",\"@id\":\"https:\/\/cisa.cat\/#website\",\"url\":\"https:\/\/cisa.cat\/\",\"name\":\"Cisa\",\"description\":\"\",\"publisher\":{\"@id\":\"https:\/\/cisa.cat\/#organization\"},\"potentialAction\":[{\"@type\":\"SearchAction\",\"target\":{\"@type\":\"EntryPoint\",\"urlTemplate\":\"https:\/\/cisa.cat\/?s={search_term_string}\"},\"query-input\":\"required name=search_term_string\"}],\"inLanguage\":\"es\"},{\"@type\":\"Organization\",\"@id\":\"https:\/\/cisa.cat\/#organization\",\"name\":\"Cisa\",\"url\":\"https:\/\/cisa.cat\/\",\"logo\":{\"@type\":\"ImageObject\",\"inLanguage\":\"es\",\"@id\":\"https:\/\/cisa.cat\/#\/schema\/logo\/image\/\",\"url\":\"https:\/\/cisa.cat\/wp-content\/uploads\/2024\/04\/cropped-logo.jpg\",\"contentUrl\":\"https:\/\/cisa.cat\/wp-content\/uploads\/2024\/04\/cropped-logo.jpg\",\"width\":512,\"height\":512,\"caption\":\"Cisa\"},\"image\":{\"@id\":\"https:\/\/cisa.cat\/#\/schema\/logo\/image\/\"},\"sameAs\":[\"https:\/\/www.facebook.com\/CatalanaInfraestructures\/?locale=es_ES\",\"https:\/\/www.linkedin.com\/company\/catalana-d'infraestructures-i-serveis-associats-sl\/about\/\"]}]}<\/script>\n<!-- \/ Yoast SEO plugin. -->","yoast_head_json":{"title":"Vallas de madera de calidad. Otorga un acabado est\u00e9tico","description":"Especialistas en instalaci\u00f3n de vallas de madera. A\u00f1ade estilo y seguridad a tu propiedad con nuestras cercas de madera. \u00a1Cont\u00e1ctanos!","robots":{"index":"index","follow":"follow","max-snippet":"max-snippet:-1","max-image-preview":"max-image-preview:large","max-video-preview":"max-video-preview:-1"},"canonical":"https:\/\/cisa.cat\/es\/vallas-de-madera\/","og_locale":"es_ES","og_type":"article","og_title":"Vallas de madera de calidad. Otorga un acabado est\u00e9tico","og_description":"Especialistas en instalaci\u00f3n de vallas de madera. A\u00f1ade estilo y seguridad a tu propiedad con nuestras cercas de madera. \u00a1Cont\u00e1ctanos!","og_url":"https:\/\/cisa.cat\/es\/vallas-de-madera\/","og_site_name":"Cisa","article_publisher":"https:\/\/www.facebook.com\/CatalanaInfraestructures\/?locale=es_ES","article_modified_time":"2024-09-05T08:45:11+00:00","og_image":[{"url":"https:\/\/cisa.cat\/wp-content\/uploads\/2024\/04\/vallas1-1024x768.jpg"}],"twitter_card":"summary_large_image","twitter_misc":{"Tiempo de lectura":"1 minuto"},"schema":{"@context":"https:\/\/schema.org","@graph":[{"@type":"WebPage","@id":"https:\/\/cisa.cat\/es\/vallas-de-madera\/","url":"https:\/\/cisa.cat\/es\/vallas-de-madera\/","name":"Vallas de madera de calidad. Otorga un acabado est\u00e9tico","isPartOf":{"@id":"https:\/\/cisa.cat\/#website"},"primaryImageOfPage":{"@id":"https:\/\/cisa.cat\/es\/vallas-de-madera\/#primaryimage"},"image":{"@id":"https:\/\/cisa.cat\/es\/vallas-de-madera\/#primaryimage"},"thumbnailUrl":"https:\/\/cisa.cat\/wp-content\/uploads\/2024\/04\/vallas1-1024x768.jpg","datePublished":"2024-04-17T10:49:12+00:00","dateModified":"2024-09-05T08:45:11+00:00","description":"Especialistas en instalaci\u00f3n de vallas de madera. A\u00f1ade estilo y seguridad a tu propiedad con nuestras cercas de madera. \u00a1Cont\u00e1ctanos!","breadcrumb":{"@id":"https:\/\/cisa.cat\/es\/vallas-de-madera\/#breadcrumb"},"inLanguage":"es","potentialAction":[{"@type":"ReadAction","target":["https:\/\/cisa.cat\/es\/vallas-de-madera\/"]}]},{"@type":"ImageObject","inLanguage":"es","@id":"https:\/\/cisa.cat\/es\/vallas-de-madera\/#primaryimage","url":"https:\/\/cisa.cat\/wp-content\/uploads\/2024\/04\/vallas1-1024x768.jpg","contentUrl":"https:\/\/cisa.cat\/wp-content\/uploads\/2024\/04\/vallas1-1024x768.jpg"},{"@type":"BreadcrumbList","@id":"https:\/\/cisa.cat\/es\/vallas-de-madera\/#breadcrumb","itemListElement":[{"@type":"ListItem","position":1,"name":"Inici","item":"https:\/\/cisa.cat\/es\/"},{"@type":"ListItem","position":2,"name":"Vallas de Madera"}]},{"@type":"WebSite","@id":"https:\/\/cisa.cat\/#website","url":"https:\/\/cisa.cat\/","name":"Cisa","description":"","publisher":{"@id":"https:\/\/cisa.cat\/#organization"},"potentialAction":[{"@type":"SearchAction","target":{"@type":"EntryPoint","urlTemplate":"https:\/\/cisa.cat\/?s={search_term_string}"},"query-input":"required name=search_term_string"}],"inLanguage":"es"},{"@type":"Organization","@id":"https:\/\/cisa.cat\/#organization","name":"Cisa","url":"https:\/\/cisa.cat\/","logo":{"@type":"ImageObject","inLanguage":"es","@id":"https:\/\/cisa.cat\/#\/schema\/logo\/image\/","url":"https:\/\/cisa.cat\/wp-content\/uploads\/2024\/04\/cropped-logo.jpg","contentUrl":"https:\/\/cisa.cat\/wp-content\/uploads\/2024\/04\/cropped-logo.jpg","width":512,"height":512,"caption":"Cisa"},"image":{"@id":"https:\/\/cisa.cat\/#\/schema\/logo\/image\/"},"sameAs":["https:\/\/www.facebook.com\/CatalanaInfraestructures\/?locale=es_ES","https:\/\/www.linkedin.com\/company\/catalana-d'infraestructures-i-serveis-associats-sl\/about\/"]}]}},"_links":{"self":[{"href":"https:\/\/cisa.cat\/es\/wp-json\/wp\/v2\/pages\/12162","targetHints":{"allow":["GET"]}}],"collection":[{"href":"https:\/\/cisa.cat\/es\/wp-json\/wp\/v2\/pages"}],"about":[{"href":"https:\/\/cisa.cat\/es\/wp-json\/wp\/v2\/types\/page"}],"author":[{"embeddable":true,"href":"https:\/\/cisa.cat\/es\/wp-json\/wp\/v2\/users\/1"}],"replies":[{"embeddable":true,"href":"https:\/\/cisa.cat\/es\/wp-json\/wp\/v2\/comments?post=12162"}],"version-history":[{"count":10,"href":"https:\/\/cisa.cat\/es\/wp-json\/wp\/v2\/pages\/12162\/revisions"}],"predecessor-version":[{"id":13029,"href":"https:\/\/cisa.cat\/es\/wp-json\/wp\/v2\/pages\/12162\/revisions\/13029"}],"wp:attachment":[{"href":"https:\/\/cisa.cat\/es\/wp-json\/wp\/v2\/media?parent=12162"}],"curies":[{"name":"wp","href":"https:\/\/api.w.org\/{rel}","templated":true}]}}