{"id":12160,"date":"2024-04-17T12:45:33","date_gmt":"2024-04-17T10:45:33","guid":{"rendered":"https:\/\/cisa.cat\/slurri\/"},"modified":"2024-08-28T09:07:37","modified_gmt":"2024-08-28T07:07:37","slug":"slurri","status":"publish","type":"page","link":"https:\/\/cisa.cat\/es\/slurri\/","title":{"rendered":"Slurri"},"content":{"rendered":"\t\t<div data-elementor-type=\"wp-page\" data-elementor-id=\"12160\" class=\"elementor elementor-12160 elementor-11465\">\n\t\t\t\t<div class=\"elementor-element elementor-element-74c527f e-flex e-con-boxed e-con e-parent\" data-id=\"74c527f\" data-element_type=\"container\" data-core-v316-plus=\"true\">\n\t\t\t\t\t<div class=\"e-con-inner\">\n\t\t\t\t<div class=\"elementor-element elementor-element-44156c9 elementor-widget elementor-widget-heading\" data-id=\"44156c9\" data-element_type=\"widget\" data-widget_type=\"heading.default\">\n\t\t\t\t<div class=\"elementor-widget-container\">\n\t\t\t<style>\/*! elementor - v3.20.0 - 26-03-2024 *\/\n.elementor-heading-title{padding:0;margin:0;line-height:1}.elementor-widget-heading .elementor-heading-title[class*=elementor-size-]>a{color:inherit;font-size:inherit;line-height:inherit}.elementor-widget-heading .elementor-heading-title.elementor-size-small{font-size:15px}.elementor-widget-heading .elementor-heading-title.elementor-size-medium{font-size:19px}.elementor-widget-heading .elementor-heading-title.elementor-size-large{font-size:29px}.elementor-widget-heading .elementor-heading-title.elementor-size-xl{font-size:39px}.elementor-widget-heading .elementor-heading-title.elementor-size-xxl{font-size:59px}<\/style><h1 class=\"elementor-heading-title elementor-size-default\">Aplicaci\u00f3n de Slurri<\/h1>\t\t<\/div>\n\t\t\t\t<\/div>\n\t\t\t\t<div class=\"elementor-element elementor-element-aeecf26 akin-star-rating--align-center elementor-widget elementor-widget-witr_section_title\" data-id=\"aeecf26\" data-element_type=\"widget\" data-widget_type=\"witr_section_title.default\">\n\t\t\t\t<div class=\"elementor-widget-container\">\n\t\t\t\t\t\t\t\t<!-- title left -->\n\t\t\t\t\t<div class=\"witr_section_title\">\n\t\t\t\t\t\t<div class=\"witr_section_title_inner text-left\">\n\t\t\t\t\t\t\n\t\t\t\t\t\t\t<!-- icon position -->\n\t\t\t\t\t\t\t\t\n\t\t\t\t\t\t\t<!-- end icon position -->\n\t\t\t\t\t\t\n\t\t\t\t\t\t\n\t\t\t\t\t\t\t<!-- title top -->\n\t\t\t\t\t\t\t\n\t\t\t\t\t\t\t<!-- icon position -->\n\t\t\t\t\t\t\t\t\n\t\t\t\t\t\t\t<!-- end icon position -->\n\n\t\t\t\t\t\t\t\n\t\t\t\t\t\t\t<!-- title middle -->\n\t\t\t\t\t\t\t\t\t\t\t\t\t\t<!-- title bottom -->\n\t\t\t\t\t\t\t\t\t\t\t\t\t\t\n\t\t\t\t\t\t\t<!-- icon position -->\n\t\t\t\t\t\t\t\t\t\t\t\t\t\t\n\t\t\t\t\t\t\t<!-- image -->\n\t\t\t\t\t\t\t\t\t\t\t\t\t\t<!-- icon -->\n\t\t\t\t\t\t\t\t\t\t\t\t\t\t\n\t\t\t\t\t\t\t<!-- bar -->\n\t\t\t\t\t\t\t\t\t\t\t\t\t\t<!-- circle bar -->\n\t\t\t\t\t\t\t\t\t\t\t\t\t\t\n\t\t\t\t\t\t\t\t\n\t\t\t\t\t\t\t<!-- end icon position -->\n\n\t\t\t\t\t\t\t<!-- content -->\n\t\t\t\t\t\t\t\t\t\t\t\t\t\t\t<p>Nos especializamos en la gesti\u00f3n y aplicaci\u00f3n de slurries, ofreciendo soluciones eficaces y de calidad para una amplia gama de proyectos. <\/p>\t\t\n\t\t\t\t\t\t\t\t\t\t\t\t\t<\/div>\n\t\t\t\t\t\t\t<!-- inner title -->\n\t\t\t\t\t\t\t\t\t\t\t\t\t\n\t\t\t\t\t<\/div>\t\t\t\t\n\t\t\t\t\t\t<\/div>\n\t\t\t\t<\/div>\n\t\t\t\t\t<\/div>\n\t\t\t\t<\/div>\n\t\t<div class=\"elementor-element elementor-element-1eaa0c1 e-flex e-con-boxed e-con e-parent\" data-id=\"1eaa0c1\" data-element_type=\"container\" data-core-v316-plus=\"true\">\n\t\t\t\t\t<div class=\"e-con-inner\">\n\t\t<div class=\"elementor-element elementor-element-369d290 e-con-full e-flex e-con e-child\" data-id=\"369d290\" data-element_type=\"container\">\n\t\t\t\t<div class=\"elementor-element elementor-element-6ef48e0 elementor-widget elementor-widget-image\" data-id=\"6ef48e0\" data-element_type=\"widget\" data-widget_type=\"image.default\">\n\t\t\t\t<div class=\"elementor-widget-container\">\n\t\t\t<style>\/*! elementor - v3.20.0 - 26-03-2024 *\/\n.elementor-widget-image{text-align:center}.elementor-widget-image a{display:inline-block}.elementor-widget-image a img[src$=\".svg\"]{width:48px}.elementor-widget-image img{vertical-align:middle;display:inline-block}<\/style>\t\t\t\t\t\t\t\t\t\t<img fetchpriority=\"high\" decoding=\"async\" width=\"560\" height=\"560\" src=\"https:\/\/cisa.cat\/wp-content\/uploads\/2024\/04\/slurri2-560x560.jpg\" class=\"attachment-akin-gallery-thumb size-akin-gallery-thumb wp-image-11481\" alt=\"Paviments de slurri - Pavimentos de slurry\" srcset=\"https:\/\/cisa.cat\/wp-content\/uploads\/2024\/04\/slurri2-560x560.jpg 560w, https:\/\/cisa.cat\/wp-content\/uploads\/2024\/04\/slurri2-150x150.jpg 150w, https:\/\/cisa.cat\/wp-content\/uploads\/2024\/04\/slurri2-450x450.jpg 450w, https:\/\/cisa.cat\/wp-content\/uploads\/2024\/04\/slurri2-106x106.jpg 106w, https:\/\/cisa.cat\/wp-content\/uploads\/2024\/04\/slurri2-70x70.jpg 70w\" sizes=\"(max-width: 560px) 100vw, 560px\" \/>\t\t\t\t\t\t\t\t\t\t\t\t\t<\/div>\n\t\t\t\t<\/div>\n\t\t\t\t<\/div>\n\t\t<div class=\"elementor-element elementor-element-88ef834 e-con-full e-flex e-con e-child\" data-id=\"88ef834\" data-element_type=\"container\">\n\t\t\t\t<div class=\"elementor-element elementor-element-150b3e5 elementor-widget elementor-widget-image\" data-id=\"150b3e5\" data-element_type=\"widget\" data-widget_type=\"image.default\">\n\t\t\t\t<div class=\"elementor-widget-container\">\n\t\t\t\t\t\t\t\t\t\t\t\t\t<img decoding=\"async\" width=\"560\" height=\"560\" src=\"https:\/\/cisa.cat\/wp-content\/uploads\/2024\/04\/slurri3-560x560.jpg\" class=\"attachment-akin-gallery-thumb size-akin-gallery-thumb wp-image-11480\" alt=\"Paviments de slurri - Pavimentos de slurry\" srcset=\"https:\/\/cisa.cat\/wp-content\/uploads\/2024\/04\/slurri3-560x560.jpg 560w, https:\/\/cisa.cat\/wp-content\/uploads\/2024\/04\/slurri3-150x150.jpg 150w, https:\/\/cisa.cat\/wp-content\/uploads\/2024\/04\/slurri3-450x450.jpg 450w, https:\/\/cisa.cat\/wp-content\/uploads\/2024\/04\/slurri3-106x106.jpg 106w, https:\/\/cisa.cat\/wp-content\/uploads\/2024\/04\/slurri3-70x70.jpg 70w\" sizes=\"(max-width: 560px) 100vw, 560px\" \/>\t\t\t\t\t\t\t\t\t\t\t\t\t<\/div>\n\t\t\t\t<\/div>\n\t\t\t\t<\/div>\n\t\t\t\t\t<\/div>\n\t\t\t\t<\/div>\n\t\t\t\t<\/div>\n\t\t","protected":false},"excerpt":{"rendered":"<p>Aplicaci\u00f3n de Slurri Nos especializamos en la gesti\u00f3n y aplicaci\u00f3n de slurries, ofreciendo soluciones eficaces y de calidad para una amplia gama de proyectos.<\/p>\n","protected":false},"author":1,"featured_media":0,"parent":0,"menu_order":0,"comment_status":"closed","ping_status":"closed","template":"template-home.php","meta":{"footnotes":""},"class_list":["post-12160","page","type-page","status-publish","hentry"],"yoast_head":"<!-- This site is optimized with the Yoast SEO plugin v23.3 - https:\/\/yoast.com\/wordpress\/plugins\/seo\/ -->\n<title>Pavimentos de slurry: Soluciones sostenibles y eficientes<\/title>\n<meta name=\"description\" content=\"Expertos en pavimentos de slurry. Prolonga la vida \u00fatil con pavimentos de slurry. Soluciones sostenibles. \u00a1Consulta nuestros servicios hoy!\" \/>\n<meta name=\"robots\" content=\"index, follow, max-snippet:-1, max-image-preview:large, max-video-preview:-1\" \/>\n<link rel=\"canonical\" href=\"https:\/\/cisa.cat\/es\/slurri\/\" \/>\n<meta property=\"og:locale\" content=\"es_ES\" \/>\n<meta property=\"og:type\" content=\"article\" \/>\n<meta property=\"og:title\" content=\"Pavimentos de slurry: Soluciones sostenibles y eficientes\" \/>\n<meta property=\"og:description\" content=\"Expertos en pavimentos de slurry. Prolonga la vida \u00fatil con pavimentos de slurry. Soluciones sostenibles. \u00a1Consulta nuestros servicios hoy!\" \/>\n<meta property=\"og:url\" content=\"https:\/\/cisa.cat\/es\/slurri\/\" \/>\n<meta property=\"og:site_name\" content=\"Cisa\" \/>\n<meta property=\"article:publisher\" content=\"https:\/\/www.facebook.com\/CatalanaInfraestructures\/?locale=es_ES\" \/>\n<meta property=\"article:modified_time\" content=\"2024-08-28T07:07:37+00:00\" \/>\n<meta property=\"og:image\" content=\"https:\/\/cisa.cat\/wp-content\/uploads\/2024\/04\/slurri2-560x560.jpg\" \/>\n<meta name=\"twitter:card\" content=\"summary_large_image\" \/>\n<meta name=\"twitter:label1\" content=\"Tiempo de lectura\" \/>\n\t<meta name=\"twitter:data1\" content=\"1 minuto\" \/>\n<script type=\"application\/ld+json\" class=\"yoast-schema-graph\">{\"@context\":\"https:\/\/schema.org\",\"@graph\":[{\"@type\":\"WebPage\",\"@id\":\"https:\/\/cisa.cat\/es\/slurri\/\",\"url\":\"https:\/\/cisa.cat\/es\/slurri\/\",\"name\":\"Pavimentos de slurry: Soluciones sostenibles y eficientes\",\"isPartOf\":{\"@id\":\"https:\/\/cisa.cat\/#website\"},\"primaryImageOfPage\":{\"@id\":\"https:\/\/cisa.cat\/es\/slurri\/#primaryimage\"},\"image\":{\"@id\":\"https:\/\/cisa.cat\/es\/slurri\/#primaryimage\"},\"thumbnailUrl\":\"https:\/\/cisa.cat\/wp-content\/uploads\/2024\/04\/slurri2-560x560.jpg\",\"datePublished\":\"2024-04-17T10:45:33+00:00\",\"dateModified\":\"2024-08-28T07:07:37+00:00\",\"description\":\"Expertos en pavimentos de slurry. Prolonga la vida \u00fatil con pavimentos de slurry. Soluciones sostenibles. \u00a1Consulta nuestros servicios hoy!\",\"breadcrumb\":{\"@id\":\"https:\/\/cisa.cat\/es\/slurri\/#breadcrumb\"},\"inLanguage\":\"es\",\"potentialAction\":[{\"@type\":\"ReadAction\",\"target\":[\"https:\/\/cisa.cat\/es\/slurri\/\"]}]},{\"@type\":\"ImageObject\",\"inLanguage\":\"es\",\"@id\":\"https:\/\/cisa.cat\/es\/slurri\/#primaryimage\",\"url\":\"https:\/\/cisa.cat\/wp-content\/uploads\/2024\/04\/slurri2-560x560.jpg\",\"contentUrl\":\"https:\/\/cisa.cat\/wp-content\/uploads\/2024\/04\/slurri2-560x560.jpg\"},{\"@type\":\"BreadcrumbList\",\"@id\":\"https:\/\/cisa.cat\/es\/slurri\/#breadcrumb\",\"itemListElement\":[{\"@type\":\"ListItem\",\"position\":1,\"name\":\"Inici\",\"item\":\"https:\/\/cisa.cat\/es\/\"},{\"@type\":\"ListItem\",\"position\":2,\"name\":\"Slurri\"}]},{\"@type\":\"WebSite\",\"@id\":\"https:\/\/cisa.cat\/#website\",\"url\":\"https:\/\/cisa.cat\/\",\"name\":\"Cisa\",\"description\":\"\",\"publisher\":{\"@id\":\"https:\/\/cisa.cat\/#organization\"},\"potentialAction\":[{\"@type\":\"SearchAction\",\"target\":{\"@type\":\"EntryPoint\",\"urlTemplate\":\"https:\/\/cisa.cat\/?s={search_term_string}\"},\"query-input\":\"required name=search_term_string\"}],\"inLanguage\":\"es\"},{\"@type\":\"Organization\",\"@id\":\"https:\/\/cisa.cat\/#organization\",\"name\":\"Cisa\",\"url\":\"https:\/\/cisa.cat\/\",\"logo\":{\"@type\":\"ImageObject\",\"inLanguage\":\"es\",\"@id\":\"https:\/\/cisa.cat\/#\/schema\/logo\/image\/\",\"url\":\"https:\/\/cisa.cat\/wp-content\/uploads\/2024\/04\/cropped-logo.jpg\",\"contentUrl\":\"https:\/\/cisa.cat\/wp-content\/uploads\/2024\/04\/cropped-logo.jpg\",\"width\":512,\"height\":512,\"caption\":\"Cisa\"},\"image\":{\"@id\":\"https:\/\/cisa.cat\/#\/schema\/logo\/image\/\"},\"sameAs\":[\"https:\/\/www.facebook.com\/CatalanaInfraestructures\/?locale=es_ES\",\"https:\/\/www.linkedin.com\/company\/catalana-d'infraestructures-i-serveis-associats-sl\/about\/\"]}]}<\/script>\n<!-- \/ Yoast SEO plugin. -->","yoast_head_json":{"title":"Pavimentos de slurry: Soluciones sostenibles y eficientes","description":"Expertos en pavimentos de slurry. Prolonga la vida \u00fatil con pavimentos de slurry. Soluciones sostenibles. \u00a1Consulta nuestros servicios hoy!","robots":{"index":"index","follow":"follow","max-snippet":"max-snippet:-1","max-image-preview":"max-image-preview:large","max-video-preview":"max-video-preview:-1"},"canonical":"https:\/\/cisa.cat\/es\/slurri\/","og_locale":"es_ES","og_type":"article","og_title":"Pavimentos de slurry: Soluciones sostenibles y eficientes","og_description":"Expertos en pavimentos de slurry. Prolonga la vida \u00fatil con pavimentos de slurry. Soluciones sostenibles. \u00a1Consulta nuestros servicios hoy!","og_url":"https:\/\/cisa.cat\/es\/slurri\/","og_site_name":"Cisa","article_publisher":"https:\/\/www.facebook.com\/CatalanaInfraestructures\/?locale=es_ES","article_modified_time":"2024-08-28T07:07:37+00:00","og_image":[{"url":"https:\/\/cisa.cat\/wp-content\/uploads\/2024\/04\/slurri2-560x560.jpg"}],"twitter_card":"summary_large_image","twitter_misc":{"Tiempo de lectura":"1 minuto"},"schema":{"@context":"https:\/\/schema.org","@graph":[{"@type":"WebPage","@id":"https:\/\/cisa.cat\/es\/slurri\/","url":"https:\/\/cisa.cat\/es\/slurri\/","name":"Pavimentos de slurry: Soluciones sostenibles y eficientes","isPartOf":{"@id":"https:\/\/cisa.cat\/#website"},"primaryImageOfPage":{"@id":"https:\/\/cisa.cat\/es\/slurri\/#primaryimage"},"image":{"@id":"https:\/\/cisa.cat\/es\/slurri\/#primaryimage"},"thumbnailUrl":"https:\/\/cisa.cat\/wp-content\/uploads\/2024\/04\/slurri2-560x560.jpg","datePublished":"2024-04-17T10:45:33+00:00","dateModified":"2024-08-28T07:07:37+00:00","description":"Expertos en pavimentos de slurry. Prolonga la vida \u00fatil con pavimentos de slurry. Soluciones sostenibles. \u00a1Consulta nuestros servicios hoy!","breadcrumb":{"@id":"https:\/\/cisa.cat\/es\/slurri\/#breadcrumb"},"inLanguage":"es","potentialAction":[{"@type":"ReadAction","target":["https:\/\/cisa.cat\/es\/slurri\/"]}]},{"@type":"ImageObject","inLanguage":"es","@id":"https:\/\/cisa.cat\/es\/slurri\/#primaryimage","url":"https:\/\/cisa.cat\/wp-content\/uploads\/2024\/04\/slurri2-560x560.jpg","contentUrl":"https:\/\/cisa.cat\/wp-content\/uploads\/2024\/04\/slurri2-560x560.jpg"},{"@type":"BreadcrumbList","@id":"https:\/\/cisa.cat\/es\/slurri\/#breadcrumb","itemListElement":[{"@type":"ListItem","position":1,"name":"Inici","item":"https:\/\/cisa.cat\/es\/"},{"@type":"ListItem","position":2,"name":"Slurri"}]},{"@type":"WebSite","@id":"https:\/\/cisa.cat\/#website","url":"https:\/\/cisa.cat\/","name":"Cisa","description":"","publisher":{"@id":"https:\/\/cisa.cat\/#organization"},"potentialAction":[{"@type":"SearchAction","target":{"@type":"EntryPoint","urlTemplate":"https:\/\/cisa.cat\/?s={search_term_string}"},"query-input":"required name=search_term_string"}],"inLanguage":"es"},{"@type":"Organization","@id":"https:\/\/cisa.cat\/#organization","name":"Cisa","url":"https:\/\/cisa.cat\/","logo":{"@type":"ImageObject","inLanguage":"es","@id":"https:\/\/cisa.cat\/#\/schema\/logo\/image\/","url":"https:\/\/cisa.cat\/wp-content\/uploads\/2024\/04\/cropped-logo.jpg","contentUrl":"https:\/\/cisa.cat\/wp-content\/uploads\/2024\/04\/cropped-logo.jpg","width":512,"height":512,"caption":"Cisa"},"image":{"@id":"https:\/\/cisa.cat\/#\/schema\/logo\/image\/"},"sameAs":["https:\/\/www.facebook.com\/CatalanaInfraestructures\/?locale=es_ES","https:\/\/www.linkedin.com\/company\/catalana-d'infraestructures-i-serveis-associats-sl\/about\/"]}]}},"_links":{"self":[{"href":"https:\/\/cisa.cat\/es\/wp-json\/wp\/v2\/pages\/12160","targetHints":{"allow":["GET"]}}],"collection":[{"href":"https:\/\/cisa.cat\/es\/wp-json\/wp\/v2\/pages"}],"about":[{"href":"https:\/\/cisa.cat\/es\/wp-json\/wp\/v2\/types\/page"}],"author":[{"embeddable":true,"href":"https:\/\/cisa.cat\/es\/wp-json\/wp\/v2\/users\/1"}],"replies":[{"embeddable":true,"href":"https:\/\/cisa.cat\/es\/wp-json\/wp\/v2\/comments?post=12160"}],"version-history":[{"count":13,"href":"https:\/\/cisa.cat\/es\/wp-json\/wp\/v2\/pages\/12160\/revisions"}],"predecessor-version":[{"id":12874,"href":"https:\/\/cisa.cat\/es\/wp-json\/wp\/v2\/pages\/12160\/revisions\/12874"}],"wp:attachment":[{"href":"https:\/\/cisa.cat\/es\/wp-json\/wp\/v2\/media?parent=12160"}],"curies":[{"name":"wp","href":"https:\/\/api.w.org\/{rel}","templated":true}]}}