{"id":12158,"date":"2024-04-17T12:03:20","date_gmt":"2024-04-17T10:03:20","guid":{"rendered":"https:\/\/cisa.cat\/qui-som\/"},"modified":"2024-09-05T09:54:32","modified_gmt":"2024-09-05T07:54:32","slug":"quienes-somos","status":"publish","type":"page","link":"https:\/\/cisa.cat\/es\/quienes-somos\/","title":{"rendered":"\u00bfQui\u00e9nes somos?"},"content":{"rendered":"\t\t<div data-elementor-type=\"wp-page\" data-elementor-id=\"12158\" class=\"elementor elementor-12158 elementor-11405\">\n\t\t\t\t\t\t<section class=\"elementor-section elementor-top-section elementor-element elementor-element-6054a29 elementor-section-boxed elementor-section-height-default elementor-section-height-default\" data-id=\"6054a29\" data-element_type=\"section\">\n\t\t\t\t\t\t<div class=\"elementor-container elementor-column-gap-default\">\n\t\t\t\t\t<div class=\"elementor-column elementor-col-50 elementor-top-column elementor-element elementor-element-9643d4d\" data-id=\"9643d4d\" data-element_type=\"column\">\n\t\t\t<div class=\"elementor-widget-wrap elementor-element-populated\">\n\t\t\t\t\t\t<div class=\"elementor-element elementor-element-4f0ff59 elementor-widget elementor-widget-heading\" data-id=\"4f0ff59\" data-element_type=\"widget\" data-widget_type=\"heading.default\">\n\t\t\t\t<div class=\"elementor-widget-container\">\n\t\t\t<style>\/*! elementor - v3.20.0 - 26-03-2024 *\/\n.elementor-heading-title{padding:0;margin:0;line-height:1}.elementor-widget-heading .elementor-heading-title[class*=elementor-size-]>a{color:inherit;font-size:inherit;line-height:inherit}.elementor-widget-heading .elementor-heading-title.elementor-size-small{font-size:15px}.elementor-widget-heading .elementor-heading-title.elementor-size-medium{font-size:19px}.elementor-widget-heading .elementor-heading-title.elementor-size-large{font-size:29px}.elementor-widget-heading .elementor-heading-title.elementor-size-xl{font-size:39px}.elementor-widget-heading .elementor-heading-title.elementor-size-xxl{font-size:59px}<\/style><h1 class=\"elementor-heading-title elementor-size-default\">\u00bfQui\u00e9nes somos?<\/h1>\t\t<\/div>\n\t\t\t\t<\/div>\n\t\t\t\t<div class=\"elementor-element elementor-element-29be8fb akin-star-rating--align-center elementor-widget elementor-widget-witr_section_title\" data-id=\"29be8fb\" data-element_type=\"widget\" data-widget_type=\"witr_section_title.default\">\n\t\t\t\t<div class=\"elementor-widget-container\">\n\t\t\t\t\t\t\t\t<!-- title left -->\n\t\t\t\t\t<div class=\"witr_section_title\">\n\t\t\t\t\t\t<div class=\"witr_section_title_inner text-left\">\n\t\t\t\t\t\t\n\t\t\t\t\t\t\t<!-- icon position -->\n\t\t\t\t\t\t\t\t\n\t\t\t\t\t\t\t<!-- end icon position -->\n\t\t\t\t\t\t\n\t\t\t\t\t\t\n\t\t\t\t\t\t\t<!-- title top -->\n\t\t\t\t\t\t\t\n\t\t\t\t\t\t\t<!-- icon position -->\n\t\t\t\t\t\t\t\t\n\t\t\t\t\t\t\t<!-- end icon position -->\n\n\t\t\t\t\t\t\t\n\t\t\t\t\t\t\t<!-- title middle -->\n\t\t\t\t\t\t\t\t\t\t\t\t\t\t<!-- title bottom -->\n\t\t\t\t\t\t\t\t\t\t\t\t\t\t\n\t\t\t\t\t\t\t<!-- icon position -->\n\t\t\t\t\t\t\t\t\t\t\t\t\t\t\n\t\t\t\t\t\t\t<!-- image -->\n\t\t\t\t\t\t\t\t\t\t\t\t\t\t<!-- icon -->\n\t\t\t\t\t\t\t\t\t\t\t\t\t\t\n\t\t\t\t\t\t\t<!-- bar -->\n\t\t\t\t\t\t\t\t\t\t\t\t\t\t\n\t\t\t\t\t\t\t\t<div class=\"witr_bar_main\">\n\t\t\t\t\t\t\t\t\t<div class=\"witr_bar_inner\">\n\t\t\t\t\t\t\t\t\t<\/div>\n\t\t\t\t\t\t\t\t<\/div>\n\t\t\t\t\t\t\t\t\t\t\t\t\t\t<!-- circle bar -->\n\t\t\t\t\t\t\t\t\t\t\t\t\t\t\n\t\t\t\t\t\t\t\t\n\t\t\t\t\t\t\t<!-- end icon position -->\n\n\t\t\t\t\t\t\t<!-- content -->\n\t\t\t\t\t\t\t\t\t\t\t\t\t\t\t<p>Empresa especializada en obras civiles, redes de alcantarillado, movimientos de tierra, hormig\u00f3n y slurry. Nos destacamos por nuestra amplia experiencia y conocimientos en el campo de la construcci\u00f3n. Ofrecemos soluciones integrales y de calidad para proyectos de diversos tama\u00f1os y complejidades. Nuestro equipo cuenta con una s\u00f3lida formaci\u00f3n y experiencia en cada una de las \u00e1reas mencionadas. En este sentido, garantizamos resultados satisfactorios y duraderos en cada trabajo que realizamos.\n<br><br>\nEn cuanto a la pavimentaci\u00f3n y el asfaltado, somos reconocidos como especialistas en el sector. Gracias a nuestra maquinaria propia y tecnolog\u00eda de vanguardia, podemos llevar a cabo cualquier tipo de proyecto de pavimentaci\u00f3n con eficiencia y precisi\u00f3n. Asegurando superficies duraderas y de alto rendimiento.\n<br><br>\nCatalana de Infraestructuras y Servicios Asociados - CISA - representa la combinaci\u00f3n perfecta entre experiencia y modernidad. Aunque somos una empresa de nueva generaci\u00f3n, contamos con m\u00e1s de una d\u00e9cada de experiencia consolidada en el sector de las infraestructuras. Desde nuestra fundaci\u00f3n en febrero de 2016, hemos participado en una amplia gama de proyectos, incluyendo obras industriales, comerciales y residenciales. Todo ello nos ha permitido adquirir un conocimiento  profundo y una visi\u00f3n integral del sector.\n <\/p>\t\t\n\t\t\t\t\t\t\t\t\t\t\t\t\t<\/div>\n\t\t\t\t\t\t\t<!-- inner title -->\n\t\t\t\t\t\t\t\t\t\t\t\t\t\n\t\t\t\t\t<\/div>\t\t\t\t\n\t\t\t\t\t\t<\/div>\n\t\t\t\t<\/div>\n\t\t\t\t\t<\/div>\n\t\t<\/div>\n\t\t\t\t<div class=\"elementor-column elementor-col-50 elementor-top-column elementor-element elementor-element-1aa8a05\" data-id=\"1aa8a05\" data-element_type=\"column\">\n\t\t\t<div class=\"elementor-widget-wrap elementor-element-populated\">\n\t\t\t\t\t\t<div class=\"elementor-element elementor-element-1f1cb63 elementor-widget elementor-widget-witr_section_s_image\" data-id=\"1f1cb63\" data-element_type=\"widget\" data-widget_type=\"witr_section_s_image.default\">\n\t\t\t\t<div class=\"elementor-widget-container\">\n\t\t\t\t\n\t\t<div class=\"single_image_area\">\n\t\t\t<div class=\"single_image single_line_option  \">\n\t\t\t\t<!-- image -->\n\t\t\t\t\t\t\t\t\t<img decoding=\"async\" src=\"https:\/\/cisa.cat\/wp-content\/uploads\/2024\/08\/quisomdins.webp\" alt=\"Empresa constructora - Obras civiles\" \/>\n\t\t\t\t\t\t\n\t\t\t\t\t\t\t\t\t\t\t<\/div>\n\t\t<\/div>\n\t\t\t\n\t\t\t\n\t\t\n\t\t\t\n\t\t\t\t<\/div>\n\t\t\t\t<\/div>\n\t\t\t\t\t<\/div>\n\t\t<\/div>\n\t\t\t\t\t<\/div>\n\t\t<\/section>\n\t\t<div class=\"elementor-element elementor-element-f5a98a1 e-flex e-con-boxed e-con e-parent\" data-id=\"f5a98a1\" data-element_type=\"container\" data-core-v316-plus=\"true\">\n\t\t\t\t\t<div class=\"e-con-inner\">\n\t\t\t\t<div class=\"elementor-element elementor-element-ce49a8d akin-star-rating--align-center elementor-widget elementor-widget-witr_section_title\" data-id=\"ce49a8d\" data-element_type=\"widget\" data-widget_type=\"witr_section_title.default\">\n\t\t\t\t<div class=\"elementor-widget-container\">\n\t\t\t\t\t\t\t\t<!-- title left -->\n\t\t\t\t\t<div class=\"witr_section_title\">\n\t\t\t\t\t\t<div class=\"witr_section_title_inner text-left\">\n\t\t\t\t\t\t\n\t\t\t\t\t\t\t<!-- icon position -->\n\t\t\t\t\t\t\t\t\n\t\t\t\t\t\t\t<!-- end icon position -->\n\t\t\t\t\t\t\n\t\t\t\t\t\t\n\t\t\t\t\t\t\t<!-- title top -->\n\t\t\t\t\t\t\t\n\t\t\t\t\t\t\t<!-- icon position -->\n\t\t\t\t\t\t\t\t\n\t\t\t\t\t\t\t<!-- end icon position -->\n\n\t\t\t\t\t\t\t\n\t\t\t\t\t\t\t<!-- title middle -->\n\t\t\t\t\t\t\t\t\t\t\t\t\t\t<!-- title bottom -->\n\t\t\t\t\t\t\t\t\t\t\t\t\t\t\n\t\t\t\t\t\t\t<!-- icon position -->\n\t\t\t\t\t\t\t\t\t\t\t\t\t\t\n\t\t\t\t\t\t\t<!-- image -->\n\t\t\t\t\t\t\t\t\t\t\t\t\t\t<!-- icon -->\n\t\t\t\t\t\t\t\t\t\t\t\t\t\t\n\t\t\t\t\t\t\t<!-- bar -->\n\t\t\t\t\t\t\t\t\t\t\t\t\t\t<!-- circle bar -->\n\t\t\t\t\t\t\t\t\t\t\t\t\t\t\n\t\t\t\t\t\t\t\t\n\t\t\t\t\t\t\t<!-- end icon position -->\n\n\t\t\t\t\t\t\t<!-- content -->\n\t\t\t\t\t\t\t\t\t\t\t\t\t\t\t<p>Nuestro equipo humano est\u00e1 formado por profesionales altamente cualificados y multidisciplinarios, comprometidos con la excelencia y la satisfacci\u00f3n del cliente. Nos adaptamos constantemente al contexto actual, por qu\u00e9 invertimos en maquinaria propia de \u00faltima generaci\u00f3n y mantenemos una estructura empresarial s\u00f3lida y equilibrada.\n<br><br>\nEn CISA, nuestro principal objetivo es seguir creciendo y aprendiendo para ofrecer a nuestros clientes las mejores soluciones y facilitarles el d\u00eda a d\u00eda en sus proyectos. Estamos comprometidos con la innovaci\u00f3n, la calidad y la eficiencia en cada tarea que emprendemos.\n\n <\/p>\t\t\n\t\t\t\t\t\t\t\t\t\t\t\t\t<\/div>\n\t\t\t\t\t\t\t<!-- inner title -->\n\t\t\t\t\t\t\t\t\t\t\t\t\t\n\t\t\t\t\t<\/div>\t\t\t\t\n\t\t\t\t\t\t<\/div>\n\t\t\t\t<\/div>\n\t\t\t\t<div class=\"elementor-element elementor-element-2c1cb23 elementor-widget elementor-widget-image\" data-id=\"2c1cb23\" data-element_type=\"widget\" data-widget_type=\"image.default\">\n\t\t\t\t<div class=\"elementor-widget-container\">\n\t\t\t<style>\/*! elementor - v3.20.0 - 26-03-2024 *\/\n.elementor-widget-image{text-align:center}.elementor-widget-image a{display:inline-block}.elementor-widget-image a img[src$=\".svg\"]{width:48px}.elementor-widget-image img{vertical-align:middle;display:inline-block}<\/style>\t\t\t\t\t\t\t\t\t\t<img fetchpriority=\"high\" decoding=\"async\" width=\"1920\" height=\"1080\" src=\"https:\/\/cisa.cat\/wp-content\/uploads\/2024\/04\/quisomdins2.jpg\" class=\"attachment-full size-full wp-image-11407\" alt=\"Pavimentos asf\u00e1lticos - Empresa d&#039;obres civils\" srcset=\"https:\/\/cisa.cat\/wp-content\/uploads\/2024\/04\/quisomdins2.jpg 1920w, https:\/\/cisa.cat\/wp-content\/uploads\/2024\/04\/quisomdins2-300x169.jpg 300w, https:\/\/cisa.cat\/wp-content\/uploads\/2024\/04\/quisomdins2-1024x576.jpg 1024w, https:\/\/cisa.cat\/wp-content\/uploads\/2024\/04\/quisomdins2-768x432.jpg 768w, https:\/\/cisa.cat\/wp-content\/uploads\/2024\/04\/quisomdins2-1536x864.jpg 1536w\" sizes=\"(max-width: 1920px) 100vw, 1920px\" \/>\t\t\t\t\t\t\t\t\t\t\t\t\t<\/div>\n\t\t\t\t<\/div>\n\t\t\t\t\t<\/div>\n\t\t\t\t<\/div>\n\t\t\t\t<\/div>\n\t\t","protected":false},"excerpt":{"rendered":"<p>\u00bfQui\u00e9nes somos? Empresa especializada en obras civiles, redes de alcantarillado, movimientos de tierra, hormig\u00f3n y slurry. Nos destacamos por nuestra amplia experiencia y conocimientos en el campo de la construcci\u00f3n. Ofrecemos soluciones integrales y de calidad para proyectos de diversos tama\u00f1os y complejidades. Nuestro equipo cuenta con una s\u00f3lida formaci\u00f3n y experiencia en cada una [&hellip;]<\/p>\n","protected":false},"author":1,"featured_media":0,"parent":0,"menu_order":0,"comment_status":"closed","ping_status":"closed","template":"template-home.php","meta":{"footnotes":""},"class_list":["post-12158","page","type-page","status-publish","hentry"],"yoast_head":"<!-- This site is optimized with the Yoast SEO plugin v23.3 - https:\/\/yoast.com\/wordpress\/plugins\/seo\/ -->\n<title>Tu empresa de obras civiles confiable y eficiente<\/title>\n<meta name=\"description\" content=\"Empresa de obras civiles que transforman tus proyectos en realidad. Especialistas en pavimentos asf\u00e1lticos y hormig\u00f3n y alcantarillados.\" \/>\n<meta name=\"robots\" content=\"index, follow, max-snippet:-1, max-image-preview:large, max-video-preview:-1\" \/>\n<link rel=\"canonical\" href=\"https:\/\/cisa.cat\/es\/quienes-somos\/\" \/>\n<meta property=\"og:locale\" content=\"es_ES\" \/>\n<meta property=\"og:type\" content=\"article\" \/>\n<meta property=\"og:title\" content=\"Tu empresa de obras civiles confiable y eficiente\" \/>\n<meta property=\"og:description\" content=\"Empresa de obras civiles que transforman tus proyectos en realidad. Especialistas en pavimentos asf\u00e1lticos y hormig\u00f3n y alcantarillados.\" \/>\n<meta property=\"og:url\" content=\"https:\/\/cisa.cat\/es\/quienes-somos\/\" \/>\n<meta property=\"og:site_name\" content=\"Cisa\" \/>\n<meta property=\"article:publisher\" content=\"https:\/\/www.facebook.com\/CatalanaInfraestructures\/?locale=es_ES\" \/>\n<meta property=\"article:modified_time\" content=\"2024-09-05T07:54:32+00:00\" \/>\n<meta property=\"og:image\" content=\"https:\/\/cisa.cat\/wp-content\/uploads\/2024\/08\/quisomdins.webp\" \/>\n<meta name=\"twitter:card\" content=\"summary_large_image\" \/>\n<meta name=\"twitter:label1\" content=\"Tiempo de lectura\" \/>\n\t<meta name=\"twitter:data1\" content=\"2 minutos\" \/>\n<script type=\"application\/ld+json\" class=\"yoast-schema-graph\">{\"@context\":\"https:\/\/schema.org\",\"@graph\":[{\"@type\":\"WebPage\",\"@id\":\"https:\/\/cisa.cat\/es\/quienes-somos\/\",\"url\":\"https:\/\/cisa.cat\/es\/quienes-somos\/\",\"name\":\"Tu empresa de obras civiles confiable y eficiente\",\"isPartOf\":{\"@id\":\"https:\/\/cisa.cat\/#website\"},\"primaryImageOfPage\":{\"@id\":\"https:\/\/cisa.cat\/es\/quienes-somos\/#primaryimage\"},\"image\":{\"@id\":\"https:\/\/cisa.cat\/es\/quienes-somos\/#primaryimage\"},\"thumbnailUrl\":\"https:\/\/cisa.cat\/wp-content\/uploads\/2024\/08\/quisomdins.webp\",\"datePublished\":\"2024-04-17T10:03:20+00:00\",\"dateModified\":\"2024-09-05T07:54:32+00:00\",\"description\":\"Empresa de obras civiles que transforman tus proyectos en realidad. Especialistas en pavimentos asf\u00e1lticos y hormig\u00f3n y alcantarillados.\",\"breadcrumb\":{\"@id\":\"https:\/\/cisa.cat\/es\/quienes-somos\/#breadcrumb\"},\"inLanguage\":\"es\",\"potentialAction\":[{\"@type\":\"ReadAction\",\"target\":[\"https:\/\/cisa.cat\/es\/quienes-somos\/\"]}]},{\"@type\":\"ImageObject\",\"inLanguage\":\"es\",\"@id\":\"https:\/\/cisa.cat\/es\/quienes-somos\/#primaryimage\",\"url\":\"https:\/\/cisa.cat\/wp-content\/uploads\/2024\/08\/quisomdins.webp\",\"contentUrl\":\"https:\/\/cisa.cat\/wp-content\/uploads\/2024\/08\/quisomdins.webp\"},{\"@type\":\"BreadcrumbList\",\"@id\":\"https:\/\/cisa.cat\/es\/quienes-somos\/#breadcrumb\",\"itemListElement\":[{\"@type\":\"ListItem\",\"position\":1,\"name\":\"Inici\",\"item\":\"https:\/\/cisa.cat\/es\/\"},{\"@type\":\"ListItem\",\"position\":2,\"name\":\"\u00bfQui\u00e9nes somos?\"}]},{\"@type\":\"WebSite\",\"@id\":\"https:\/\/cisa.cat\/#website\",\"url\":\"https:\/\/cisa.cat\/\",\"name\":\"Cisa\",\"description\":\"\",\"publisher\":{\"@id\":\"https:\/\/cisa.cat\/#organization\"},\"potentialAction\":[{\"@type\":\"SearchAction\",\"target\":{\"@type\":\"EntryPoint\",\"urlTemplate\":\"https:\/\/cisa.cat\/?s={search_term_string}\"},\"query-input\":\"required name=search_term_string\"}],\"inLanguage\":\"es\"},{\"@type\":\"Organization\",\"@id\":\"https:\/\/cisa.cat\/#organization\",\"name\":\"Cisa\",\"url\":\"https:\/\/cisa.cat\/\",\"logo\":{\"@type\":\"ImageObject\",\"inLanguage\":\"es\",\"@id\":\"https:\/\/cisa.cat\/#\/schema\/logo\/image\/\",\"url\":\"https:\/\/cisa.cat\/wp-content\/uploads\/2024\/04\/cropped-logo.jpg\",\"contentUrl\":\"https:\/\/cisa.cat\/wp-content\/uploads\/2024\/04\/cropped-logo.jpg\",\"width\":512,\"height\":512,\"caption\":\"Cisa\"},\"image\":{\"@id\":\"https:\/\/cisa.cat\/#\/schema\/logo\/image\/\"},\"sameAs\":[\"https:\/\/www.facebook.com\/CatalanaInfraestructures\/?locale=es_ES\",\"https:\/\/www.linkedin.com\/company\/catalana-d'infraestructures-i-serveis-associats-sl\/about\/\"]}]}<\/script>\n<!-- \/ Yoast SEO plugin. -->","yoast_head_json":{"title":"Tu empresa de obras civiles confiable y eficiente","description":"Empresa de obras civiles que transforman tus proyectos en realidad. Especialistas en pavimentos asf\u00e1lticos y hormig\u00f3n y alcantarillados.","robots":{"index":"index","follow":"follow","max-snippet":"max-snippet:-1","max-image-preview":"max-image-preview:large","max-video-preview":"max-video-preview:-1"},"canonical":"https:\/\/cisa.cat\/es\/quienes-somos\/","og_locale":"es_ES","og_type":"article","og_title":"Tu empresa de obras civiles confiable y eficiente","og_description":"Empresa de obras civiles que transforman tus proyectos en realidad. Especialistas en pavimentos asf\u00e1lticos y hormig\u00f3n y alcantarillados.","og_url":"https:\/\/cisa.cat\/es\/quienes-somos\/","og_site_name":"Cisa","article_publisher":"https:\/\/www.facebook.com\/CatalanaInfraestructures\/?locale=es_ES","article_modified_time":"2024-09-05T07:54:32+00:00","og_image":[{"url":"https:\/\/cisa.cat\/wp-content\/uploads\/2024\/08\/quisomdins.webp"}],"twitter_card":"summary_large_image","twitter_misc":{"Tiempo de lectura":"2 minutos"},"schema":{"@context":"https:\/\/schema.org","@graph":[{"@type":"WebPage","@id":"https:\/\/cisa.cat\/es\/quienes-somos\/","url":"https:\/\/cisa.cat\/es\/quienes-somos\/","name":"Tu empresa de obras civiles confiable y eficiente","isPartOf":{"@id":"https:\/\/cisa.cat\/#website"},"primaryImageOfPage":{"@id":"https:\/\/cisa.cat\/es\/quienes-somos\/#primaryimage"},"image":{"@id":"https:\/\/cisa.cat\/es\/quienes-somos\/#primaryimage"},"thumbnailUrl":"https:\/\/cisa.cat\/wp-content\/uploads\/2024\/08\/quisomdins.webp","datePublished":"2024-04-17T10:03:20+00:00","dateModified":"2024-09-05T07:54:32+00:00","description":"Empresa de obras civiles que transforman tus proyectos en realidad. Especialistas en pavimentos asf\u00e1lticos y hormig\u00f3n y alcantarillados.","breadcrumb":{"@id":"https:\/\/cisa.cat\/es\/quienes-somos\/#breadcrumb"},"inLanguage":"es","potentialAction":[{"@type":"ReadAction","target":["https:\/\/cisa.cat\/es\/quienes-somos\/"]}]},{"@type":"ImageObject","inLanguage":"es","@id":"https:\/\/cisa.cat\/es\/quienes-somos\/#primaryimage","url":"https:\/\/cisa.cat\/wp-content\/uploads\/2024\/08\/quisomdins.webp","contentUrl":"https:\/\/cisa.cat\/wp-content\/uploads\/2024\/08\/quisomdins.webp"},{"@type":"BreadcrumbList","@id":"https:\/\/cisa.cat\/es\/quienes-somos\/#breadcrumb","itemListElement":[{"@type":"ListItem","position":1,"name":"Inici","item":"https:\/\/cisa.cat\/es\/"},{"@type":"ListItem","position":2,"name":"\u00bfQui\u00e9nes somos?"}]},{"@type":"WebSite","@id":"https:\/\/cisa.cat\/#website","url":"https:\/\/cisa.cat\/","name":"Cisa","description":"","publisher":{"@id":"https:\/\/cisa.cat\/#organization"},"potentialAction":[{"@type":"SearchAction","target":{"@type":"EntryPoint","urlTemplate":"https:\/\/cisa.cat\/?s={search_term_string}"},"query-input":"required name=search_term_string"}],"inLanguage":"es"},{"@type":"Organization","@id":"https:\/\/cisa.cat\/#organization","name":"Cisa","url":"https:\/\/cisa.cat\/","logo":{"@type":"ImageObject","inLanguage":"es","@id":"https:\/\/cisa.cat\/#\/schema\/logo\/image\/","url":"https:\/\/cisa.cat\/wp-content\/uploads\/2024\/04\/cropped-logo.jpg","contentUrl":"https:\/\/cisa.cat\/wp-content\/uploads\/2024\/04\/cropped-logo.jpg","width":512,"height":512,"caption":"Cisa"},"image":{"@id":"https:\/\/cisa.cat\/#\/schema\/logo\/image\/"},"sameAs":["https:\/\/www.facebook.com\/CatalanaInfraestructures\/?locale=es_ES","https:\/\/www.linkedin.com\/company\/catalana-d'infraestructures-i-serveis-associats-sl\/about\/"]}]}},"_links":{"self":[{"href":"https:\/\/cisa.cat\/es\/wp-json\/wp\/v2\/pages\/12158","targetHints":{"allow":["GET"]}}],"collection":[{"href":"https:\/\/cisa.cat\/es\/wp-json\/wp\/v2\/pages"}],"about":[{"href":"https:\/\/cisa.cat\/es\/wp-json\/wp\/v2\/types\/page"}],"author":[{"embeddable":true,"href":"https:\/\/cisa.cat\/es\/wp-json\/wp\/v2\/users\/1"}],"replies":[{"embeddable":true,"href":"https:\/\/cisa.cat\/es\/wp-json\/wp\/v2\/comments?post=12158"}],"version-history":[{"count":31,"href":"https:\/\/cisa.cat\/es\/wp-json\/wp\/v2\/pages\/12158\/revisions"}],"predecessor-version":[{"id":13016,"href":"https:\/\/cisa.cat\/es\/wp-json\/wp\/v2\/pages\/12158\/revisions\/13016"}],"wp:attachment":[{"href":"https:\/\/cisa.cat\/es\/wp-json\/wp\/v2\/media?parent=12158"}],"curies":[{"name":"wp","href":"https:\/\/api.w.org\/{rel}","templated":true}]}}