{"id":12155,"date":"2024-04-17T12:42:57","date_gmt":"2024-04-17T10:42:57","guid":{"rendered":"https:\/\/cisa.cat\/paviments-de-formigo\/"},"modified":"2024-09-05T10:33:06","modified_gmt":"2024-09-05T08:33:06","slug":"pavimentos-de-hormigon","status":"publish","type":"page","link":"https:\/\/cisa.cat\/es\/pavimentos-de-hormigon\/","title":{"rendered":"Pavimentos de Hormig\u00f3n"},"content":{"rendered":"\t\t<div data-elementor-type=\"wp-page\" data-elementor-id=\"12155\" class=\"elementor elementor-12155 elementor-11464\">\n\t\t\t\t<div class=\"elementor-element elementor-element-74c527f e-flex e-con-boxed e-con e-parent\" data-id=\"74c527f\" data-element_type=\"container\" data-core-v316-plus=\"true\">\n\t\t\t\t\t<div class=\"e-con-inner\">\n\t\t\t\t<div class=\"elementor-element elementor-element-c3a128b elementor-widget elementor-widget-heading\" data-id=\"c3a128b\" data-element_type=\"widget\" data-widget_type=\"heading.default\">\n\t\t\t\t<div class=\"elementor-widget-container\">\n\t\t\t<style>\/*! elementor - v3.20.0 - 26-03-2024 *\/\n.elementor-heading-title{padding:0;margin:0;line-height:1}.elementor-widget-heading .elementor-heading-title[class*=elementor-size-]>a{color:inherit;font-size:inherit;line-height:inherit}.elementor-widget-heading .elementor-heading-title.elementor-size-small{font-size:15px}.elementor-widget-heading .elementor-heading-title.elementor-size-medium{font-size:19px}.elementor-widget-heading .elementor-heading-title.elementor-size-large{font-size:29px}.elementor-widget-heading .elementor-heading-title.elementor-size-xl{font-size:39px}.elementor-widget-heading .elementor-heading-title.elementor-size-xxl{font-size:59px}<\/style><h1 class=\"elementor-heading-title elementor-size-default\">Pavimentos de Hormig\u00f3n<\/h1>\t\t<\/div>\n\t\t\t\t<\/div>\n\t\t\t\t<div class=\"elementor-element elementor-element-aeecf26 akin-star-rating--align-center elementor-widget elementor-widget-witr_section_title\" data-id=\"aeecf26\" data-element_type=\"widget\" data-widget_type=\"witr_section_title.default\">\n\t\t\t\t<div class=\"elementor-widget-container\">\n\t\t\t\t\t\t\t\t<!-- title left -->\n\t\t\t\t\t<div class=\"witr_section_title\">\n\t\t\t\t\t\t<div class=\"witr_section_title_inner text-left\">\n\t\t\t\t\t\t\n\t\t\t\t\t\t\t<!-- icon position -->\n\t\t\t\t\t\t\t\t\n\t\t\t\t\t\t\t<!-- end icon position -->\n\t\t\t\t\t\t\n\t\t\t\t\t\t\n\t\t\t\t\t\t\t<!-- title top -->\n\t\t\t\t\t\t\t\n\t\t\t\t\t\t\t<!-- icon position -->\n\t\t\t\t\t\t\t\t\n\t\t\t\t\t\t\t<!-- end icon position -->\n\n\t\t\t\t\t\t\t\n\t\t\t\t\t\t\t<!-- title middle -->\n\t\t\t\t\t\t\t\t\t\t\t\t\t\t<!-- title bottom -->\n\t\t\t\t\t\t\t\t\t\t\t\t\t\t\n\t\t\t\t\t\t\t<!-- icon position -->\n\t\t\t\t\t\t\t\t\t\t\t\t\t\t\n\t\t\t\t\t\t\t<!-- image -->\n\t\t\t\t\t\t\t\t\t\t\t\t\t\t<!-- icon -->\n\t\t\t\t\t\t\t\t\t\t\t\t\t\t\n\t\t\t\t\t\t\t<!-- bar -->\n\t\t\t\t\t\t\t\t\t\t\t\t\t\t<!-- circle bar -->\n\t\t\t\t\t\t\t\t\t\t\t\t\t\t\n\t\t\t\t\t\t\t\t\n\t\t\t\t\t\t\t<!-- end icon position -->\n\n\t\t\t\t\t\t\t<!-- content -->\n\t\t\t\t\t\t\t\t\t\t\t\t\t\t\t<p>Proporcionamos un servicio integral de realizaci\u00f3n de pavimentos de hormig\u00f3n, desde la planificaci\u00f3n y preparaci\u00f3n del terreno hasta la colocaci\u00f3n del hormig\u00f3n y posterior mantenimiento. Nuestro equipo de profesionales calificados utiliza las \u00faltimas tecnolog\u00edas y materiales de primera calidad para garantizar pavimentos duraderos y resistentes, adaptados a las necesidades espec\u00edficas de cada proyecto. Nos comprometemos a ofrecer soluciones eficientes, seguras y est\u00e9ticamente atractivas, cumpliendo con los m\u00e1s altos est\u00e1ndares de calidad y satisfacci\u00f3n del cliente. <\/p>\t\t\n\t\t\t\t\t\t\t\t\t\t\t\t\t<\/div>\n\t\t\t\t\t\t\t<!-- inner title -->\n\t\t\t\t\t\t\t\t\t\t\t\t\t\n\t\t\t\t\t<\/div>\t\t\t\t\n\t\t\t\t\t\t<\/div>\n\t\t\t\t<\/div>\n\t\t\t\t\t<\/div>\n\t\t\t\t<\/div>\n\t\t<div class=\"elementor-element elementor-element-1eaa0c1 e-flex e-con-boxed e-con e-parent\" data-id=\"1eaa0c1\" data-element_type=\"container\" data-core-v316-plus=\"true\">\n\t\t\t\t\t<div class=\"e-con-inner\">\n\t\t<div class=\"elementor-element elementor-element-369d290 e-con-full e-flex e-con e-child\" data-id=\"369d290\" data-element_type=\"container\">\n\t\t\t\t<div class=\"elementor-element elementor-element-6ef48e0 elementor-widget elementor-widget-image\" data-id=\"6ef48e0\" data-element_type=\"widget\" data-widget_type=\"image.default\">\n\t\t\t\t<div class=\"elementor-widget-container\">\n\t\t\t<style>\/*! elementor - v3.20.0 - 26-03-2024 *\/\n.elementor-widget-image{text-align:center}.elementor-widget-image a{display:inline-block}.elementor-widget-image a img[src$=\".svg\"]{width:48px}.elementor-widget-image img{vertical-align:middle;display:inline-block}<\/style>\t\t\t\t\t\t\t\t\t\t<img fetchpriority=\"high\" decoding=\"async\" width=\"560\" height=\"560\" src=\"https:\/\/cisa.cat\/wp-content\/uploads\/2024\/04\/formigo1-560x560.jpg\" class=\"attachment-akin-gallery-thumb size-akin-gallery-thumb wp-image-11475\" alt=\"Paviments de formig\u00f3 - empresa de pavimentos de hormig\u00f3n\" srcset=\"https:\/\/cisa.cat\/wp-content\/uploads\/2024\/04\/formigo1-560x560.jpg 560w, https:\/\/cisa.cat\/wp-content\/uploads\/2024\/04\/formigo1-300x300.jpg 300w, https:\/\/cisa.cat\/wp-content\/uploads\/2024\/04\/formigo1-1024x1024.jpg 1024w, https:\/\/cisa.cat\/wp-content\/uploads\/2024\/04\/formigo1-150x150.jpg 150w, https:\/\/cisa.cat\/wp-content\/uploads\/2024\/04\/formigo1-768x768.jpg 768w, https:\/\/cisa.cat\/wp-content\/uploads\/2024\/04\/formigo1-450x450.jpg 450w, https:\/\/cisa.cat\/wp-content\/uploads\/2024\/04\/formigo1-106x106.jpg 106w, https:\/\/cisa.cat\/wp-content\/uploads\/2024\/04\/formigo1-70x70.jpg 70w, https:\/\/cisa.cat\/wp-content\/uploads\/2024\/04\/formigo1.jpg 1080w\" sizes=\"(max-width: 560px) 100vw, 560px\" \/>\t\t\t\t\t\t\t\t\t\t\t\t\t<\/div>\n\t\t\t\t<\/div>\n\t\t\t\t<\/div>\n\t\t<div class=\"elementor-element elementor-element-88ef834 e-con-full e-flex e-con e-child\" data-id=\"88ef834\" data-element_type=\"container\">\n\t\t\t\t<div class=\"elementor-element elementor-element-150b3e5 elementor-widget elementor-widget-image\" data-id=\"150b3e5\" data-element_type=\"widget\" data-widget_type=\"image.default\">\n\t\t\t\t<div class=\"elementor-widget-container\">\n\t\t\t\t\t\t\t\t\t\t\t\t\t<img decoding=\"async\" width=\"560\" height=\"560\" src=\"https:\/\/cisa.cat\/wp-content\/uploads\/2024\/04\/formigo2-560x560.jpg\" class=\"attachment-akin-gallery-thumb size-akin-gallery-thumb wp-image-11474\" alt=\"Paviments de formig\u00f3 - empresa de pavimentos de hormig\u00f3n\" srcset=\"https:\/\/cisa.cat\/wp-content\/uploads\/2024\/04\/formigo2-560x560.jpg 560w, https:\/\/cisa.cat\/wp-content\/uploads\/2024\/04\/formigo2-150x150.jpg 150w, https:\/\/cisa.cat\/wp-content\/uploads\/2024\/04\/formigo2-450x450.jpg 450w, https:\/\/cisa.cat\/wp-content\/uploads\/2024\/04\/formigo2-106x106.jpg 106w, https:\/\/cisa.cat\/wp-content\/uploads\/2024\/04\/formigo2-70x70.jpg 70w\" sizes=\"(max-width: 560px) 100vw, 560px\" \/>\t\t\t\t\t\t\t\t\t\t\t\t\t<\/div>\n\t\t\t\t<\/div>\n\t\t\t\t<\/div>\n\t\t\t\t\t<\/div>\n\t\t\t\t<\/div>\n\t\t\t\t<\/div>\n\t\t","protected":false},"excerpt":{"rendered":"<p>Pavimentos de Hormig\u00f3n Proporcionamos un servicio integral de realizaci\u00f3n de pavimentos de hormig\u00f3n, desde la planificaci\u00f3n y preparaci\u00f3n del terreno hasta la colocaci\u00f3n del hormig\u00f3n y posterior mantenimiento. Nuestro equipo de profesionales calificados utiliza las \u00faltimas tecnolog\u00edas y materiales de primera calidad para garantizar pavimentos duraderos y resistentes, adaptados a las necesidades espec\u00edficas de cada [&hellip;]<\/p>\n","protected":false},"author":1,"featured_media":0,"parent":0,"menu_order":0,"comment_status":"closed","ping_status":"closed","template":"template-home.php","meta":{"footnotes":""},"class_list":["post-12155","page","type-page","status-publish","hentry"],"yoast_head":"<!-- This site is optimized with the Yoast SEO plugin v23.3 - https:\/\/yoast.com\/wordpress\/plugins\/seo\/ -->\n<title>Empresa de pavimentos de hormig\u00f3n de calidad y sostenibles<\/title>\n<meta name=\"description\" content=\"Empresa especializada en pavimentos de hormig\u00f3n. Ofrecemos la mejor soluci\u00f3n de pavimento para tus proyectos viales. \u00a1Calidad garantizada!\" \/>\n<meta name=\"robots\" content=\"index, follow, max-snippet:-1, max-image-preview:large, max-video-preview:-1\" \/>\n<link rel=\"canonical\" href=\"https:\/\/cisa.cat\/es\/pavimentos-de-hormigon\/\" \/>\n<meta property=\"og:locale\" content=\"es_ES\" \/>\n<meta property=\"og:type\" content=\"article\" \/>\n<meta property=\"og:title\" content=\"Empresa de pavimentos de hormig\u00f3n de calidad y sostenibles\" \/>\n<meta property=\"og:description\" content=\"Empresa especializada en pavimentos de hormig\u00f3n. Ofrecemos la mejor soluci\u00f3n de pavimento para tus proyectos viales. \u00a1Calidad garantizada!\" \/>\n<meta property=\"og:url\" content=\"https:\/\/cisa.cat\/es\/pavimentos-de-hormigon\/\" \/>\n<meta property=\"og:site_name\" content=\"Cisa\" \/>\n<meta property=\"article:publisher\" content=\"https:\/\/www.facebook.com\/CatalanaInfraestructures\/?locale=es_ES\" \/>\n<meta property=\"article:modified_time\" content=\"2024-09-05T08:33:06+00:00\" \/>\n<meta property=\"og:image\" content=\"https:\/\/cisa.cat\/wp-content\/uploads\/2024\/04\/formigo1-560x560.jpg\" \/>\n<meta name=\"twitter:card\" content=\"summary_large_image\" \/>\n<meta name=\"twitter:label1\" content=\"Tiempo de lectura\" \/>\n\t<meta name=\"twitter:data1\" content=\"1 minuto\" \/>\n<script type=\"application\/ld+json\" class=\"yoast-schema-graph\">{\"@context\":\"https:\/\/schema.org\",\"@graph\":[{\"@type\":\"WebPage\",\"@id\":\"https:\/\/cisa.cat\/es\/pavimentos-de-hormigon\/\",\"url\":\"https:\/\/cisa.cat\/es\/pavimentos-de-hormigon\/\",\"name\":\"Empresa de pavimentos de hormig\u00f3n de calidad y sostenibles\",\"isPartOf\":{\"@id\":\"https:\/\/cisa.cat\/#website\"},\"primaryImageOfPage\":{\"@id\":\"https:\/\/cisa.cat\/es\/pavimentos-de-hormigon\/#primaryimage\"},\"image\":{\"@id\":\"https:\/\/cisa.cat\/es\/pavimentos-de-hormigon\/#primaryimage\"},\"thumbnailUrl\":\"https:\/\/cisa.cat\/wp-content\/uploads\/2024\/04\/formigo1-560x560.jpg\",\"datePublished\":\"2024-04-17T10:42:57+00:00\",\"dateModified\":\"2024-09-05T08:33:06+00:00\",\"description\":\"Empresa especializada en pavimentos de hormig\u00f3n. Ofrecemos la mejor soluci\u00f3n de pavimento para tus proyectos viales. \u00a1Calidad garantizada!\",\"breadcrumb\":{\"@id\":\"https:\/\/cisa.cat\/es\/pavimentos-de-hormigon\/#breadcrumb\"},\"inLanguage\":\"es\",\"potentialAction\":[{\"@type\":\"ReadAction\",\"target\":[\"https:\/\/cisa.cat\/es\/pavimentos-de-hormigon\/\"]}]},{\"@type\":\"ImageObject\",\"inLanguage\":\"es\",\"@id\":\"https:\/\/cisa.cat\/es\/pavimentos-de-hormigon\/#primaryimage\",\"url\":\"https:\/\/cisa.cat\/wp-content\/uploads\/2024\/04\/formigo1-560x560.jpg\",\"contentUrl\":\"https:\/\/cisa.cat\/wp-content\/uploads\/2024\/04\/formigo1-560x560.jpg\"},{\"@type\":\"BreadcrumbList\",\"@id\":\"https:\/\/cisa.cat\/es\/pavimentos-de-hormigon\/#breadcrumb\",\"itemListElement\":[{\"@type\":\"ListItem\",\"position\":1,\"name\":\"Inici\",\"item\":\"https:\/\/cisa.cat\/es\/\"},{\"@type\":\"ListItem\",\"position\":2,\"name\":\"Pavimentos de Hormig\u00f3n\"}]},{\"@type\":\"WebSite\",\"@id\":\"https:\/\/cisa.cat\/#website\",\"url\":\"https:\/\/cisa.cat\/\",\"name\":\"Cisa\",\"description\":\"\",\"publisher\":{\"@id\":\"https:\/\/cisa.cat\/#organization\"},\"potentialAction\":[{\"@type\":\"SearchAction\",\"target\":{\"@type\":\"EntryPoint\",\"urlTemplate\":\"https:\/\/cisa.cat\/?s={search_term_string}\"},\"query-input\":\"required name=search_term_string\"}],\"inLanguage\":\"es\"},{\"@type\":\"Organization\",\"@id\":\"https:\/\/cisa.cat\/#organization\",\"name\":\"Cisa\",\"url\":\"https:\/\/cisa.cat\/\",\"logo\":{\"@type\":\"ImageObject\",\"inLanguage\":\"es\",\"@id\":\"https:\/\/cisa.cat\/#\/schema\/logo\/image\/\",\"url\":\"https:\/\/cisa.cat\/wp-content\/uploads\/2024\/04\/cropped-logo.jpg\",\"contentUrl\":\"https:\/\/cisa.cat\/wp-content\/uploads\/2024\/04\/cropped-logo.jpg\",\"width\":512,\"height\":512,\"caption\":\"Cisa\"},\"image\":{\"@id\":\"https:\/\/cisa.cat\/#\/schema\/logo\/image\/\"},\"sameAs\":[\"https:\/\/www.facebook.com\/CatalanaInfraestructures\/?locale=es_ES\",\"https:\/\/www.linkedin.com\/company\/catalana-d'infraestructures-i-serveis-associats-sl\/about\/\"]}]}<\/script>\n<!-- \/ Yoast SEO plugin. -->","yoast_head_json":{"title":"Empresa de pavimentos de hormig\u00f3n de calidad y sostenibles","description":"Empresa especializada en pavimentos de hormig\u00f3n. Ofrecemos la mejor soluci\u00f3n de pavimento para tus proyectos viales. \u00a1Calidad garantizada!","robots":{"index":"index","follow":"follow","max-snippet":"max-snippet:-1","max-image-preview":"max-image-preview:large","max-video-preview":"max-video-preview:-1"},"canonical":"https:\/\/cisa.cat\/es\/pavimentos-de-hormigon\/","og_locale":"es_ES","og_type":"article","og_title":"Empresa de pavimentos de hormig\u00f3n de calidad y sostenibles","og_description":"Empresa especializada en pavimentos de hormig\u00f3n. Ofrecemos la mejor soluci\u00f3n de pavimento para tus proyectos viales. \u00a1Calidad garantizada!","og_url":"https:\/\/cisa.cat\/es\/pavimentos-de-hormigon\/","og_site_name":"Cisa","article_publisher":"https:\/\/www.facebook.com\/CatalanaInfraestructures\/?locale=es_ES","article_modified_time":"2024-09-05T08:33:06+00:00","og_image":[{"url":"https:\/\/cisa.cat\/wp-content\/uploads\/2024\/04\/formigo1-560x560.jpg"}],"twitter_card":"summary_large_image","twitter_misc":{"Tiempo de lectura":"1 minuto"},"schema":{"@context":"https:\/\/schema.org","@graph":[{"@type":"WebPage","@id":"https:\/\/cisa.cat\/es\/pavimentos-de-hormigon\/","url":"https:\/\/cisa.cat\/es\/pavimentos-de-hormigon\/","name":"Empresa de pavimentos de hormig\u00f3n de calidad y sostenibles","isPartOf":{"@id":"https:\/\/cisa.cat\/#website"},"primaryImageOfPage":{"@id":"https:\/\/cisa.cat\/es\/pavimentos-de-hormigon\/#primaryimage"},"image":{"@id":"https:\/\/cisa.cat\/es\/pavimentos-de-hormigon\/#primaryimage"},"thumbnailUrl":"https:\/\/cisa.cat\/wp-content\/uploads\/2024\/04\/formigo1-560x560.jpg","datePublished":"2024-04-17T10:42:57+00:00","dateModified":"2024-09-05T08:33:06+00:00","description":"Empresa especializada en pavimentos de hormig\u00f3n. Ofrecemos la mejor soluci\u00f3n de pavimento para tus proyectos viales. \u00a1Calidad garantizada!","breadcrumb":{"@id":"https:\/\/cisa.cat\/es\/pavimentos-de-hormigon\/#breadcrumb"},"inLanguage":"es","potentialAction":[{"@type":"ReadAction","target":["https:\/\/cisa.cat\/es\/pavimentos-de-hormigon\/"]}]},{"@type":"ImageObject","inLanguage":"es","@id":"https:\/\/cisa.cat\/es\/pavimentos-de-hormigon\/#primaryimage","url":"https:\/\/cisa.cat\/wp-content\/uploads\/2024\/04\/formigo1-560x560.jpg","contentUrl":"https:\/\/cisa.cat\/wp-content\/uploads\/2024\/04\/formigo1-560x560.jpg"},{"@type":"BreadcrumbList","@id":"https:\/\/cisa.cat\/es\/pavimentos-de-hormigon\/#breadcrumb","itemListElement":[{"@type":"ListItem","position":1,"name":"Inici","item":"https:\/\/cisa.cat\/es\/"},{"@type":"ListItem","position":2,"name":"Pavimentos de Hormig\u00f3n"}]},{"@type":"WebSite","@id":"https:\/\/cisa.cat\/#website","url":"https:\/\/cisa.cat\/","name":"Cisa","description":"","publisher":{"@id":"https:\/\/cisa.cat\/#organization"},"potentialAction":[{"@type":"SearchAction","target":{"@type":"EntryPoint","urlTemplate":"https:\/\/cisa.cat\/?s={search_term_string}"},"query-input":"required name=search_term_string"}],"inLanguage":"es"},{"@type":"Organization","@id":"https:\/\/cisa.cat\/#organization","name":"Cisa","url":"https:\/\/cisa.cat\/","logo":{"@type":"ImageObject","inLanguage":"es","@id":"https:\/\/cisa.cat\/#\/schema\/logo\/image\/","url":"https:\/\/cisa.cat\/wp-content\/uploads\/2024\/04\/cropped-logo.jpg","contentUrl":"https:\/\/cisa.cat\/wp-content\/uploads\/2024\/04\/cropped-logo.jpg","width":512,"height":512,"caption":"Cisa"},"image":{"@id":"https:\/\/cisa.cat\/#\/schema\/logo\/image\/"},"sameAs":["https:\/\/www.facebook.com\/CatalanaInfraestructures\/?locale=es_ES","https:\/\/www.linkedin.com\/company\/catalana-d'infraestructures-i-serveis-associats-sl\/about\/"]}]}},"_links":{"self":[{"href":"https:\/\/cisa.cat\/es\/wp-json\/wp\/v2\/pages\/12155","targetHints":{"allow":["GET"]}}],"collection":[{"href":"https:\/\/cisa.cat\/es\/wp-json\/wp\/v2\/pages"}],"about":[{"href":"https:\/\/cisa.cat\/es\/wp-json\/wp\/v2\/types\/page"}],"author":[{"embeddable":true,"href":"https:\/\/cisa.cat\/es\/wp-json\/wp\/v2\/users\/1"}],"replies":[{"embeddable":true,"href":"https:\/\/cisa.cat\/es\/wp-json\/wp\/v2\/comments?post=12155"}],"version-history":[{"count":7,"href":"https:\/\/cisa.cat\/es\/wp-json\/wp\/v2\/pages\/12155\/revisions"}],"predecessor-version":[{"id":12732,"href":"https:\/\/cisa.cat\/es\/wp-json\/wp\/v2\/pages\/12155\/revisions\/12732"}],"wp:attachment":[{"href":"https:\/\/cisa.cat\/es\/wp-json\/wp\/v2\/media?parent=12155"}],"curies":[{"name":"wp","href":"https:\/\/api.w.org\/{rel}","templated":true}]}}