{"id":12149,"date":"2024-04-17T12:59:49","date_gmt":"2024-04-17T10:59:49","guid":{"rendered":"https:\/\/cisa.cat\/enginyeria\/"},"modified":"2024-09-05T10:27:06","modified_gmt":"2024-09-05T08:27:06","slug":"ingenieria","status":"publish","type":"page","link":"https:\/\/cisa.cat\/es\/ingenieria\/","title":{"rendered":"Ingenier\u00eda"},"content":{"rendered":"\t\t<div data-elementor-type=\"wp-page\" data-elementor-id=\"12149\" class=\"elementor elementor-12149 elementor-11521\">\n\t\t\t\t<div class=\"elementor-element elementor-element-e2b8e76 e-flex e-con-boxed e-con e-parent\" data-id=\"e2b8e76\" data-element_type=\"container\" data-settings=\"{&quot;background_background&quot;:&quot;classic&quot;}\" data-core-v316-plus=\"true\">\n\t\t\t\t\t<div class=\"e-con-inner\">\n\t\t<div class=\"elementor-element elementor-element-88f6f2f e-con-full e-flex e-con e-child\" data-id=\"88f6f2f\" data-element_type=\"container\">\n\t\t\t\t<div class=\"elementor-element elementor-element-97db48c elementor-widget elementor-widget-image\" data-id=\"97db48c\" data-element_type=\"widget\" data-widget_type=\"image.default\">\n\t\t\t\t<div class=\"elementor-widget-container\">\n\t\t\t<style>\/*! elementor - v3.20.0 - 26-03-2024 *\/\n.elementor-widget-image{text-align:center}.elementor-widget-image a{display:inline-block}.elementor-widget-image a img[src$=\".svg\"]{width:48px}.elementor-widget-image img{vertical-align:middle;display:inline-block}<\/style>\t\t\t\t\t\t\t\t\t\t<img fetchpriority=\"high\" decoding=\"async\" width=\"900\" height=\"550\" src=\"https:\/\/cisa.cat\/wp-content\/uploads\/2024\/04\/enginyeria3-900x550.jpg\" class=\"attachment-akin-blog-single size-akin-blog-single wp-image-11523\" alt=\"Enginyeria en obres civils - Obras civiles\" \/>\t\t\t\t\t\t\t\t\t\t\t\t\t<\/div>\n\t\t\t\t<\/div>\n\t\t\t\t<\/div>\n\t\t<div class=\"elementor-element elementor-element-848a27d e-con-full e-flex e-con e-child\" data-id=\"848a27d\" data-element_type=\"container\">\n\t\t\t\t<div class=\"elementor-element elementor-element-d4357e9 elementor-widget elementor-widget-heading\" data-id=\"d4357e9\" data-element_type=\"widget\" data-widget_type=\"heading.default\">\n\t\t\t\t<div class=\"elementor-widget-container\">\n\t\t\t<style>\/*! elementor - v3.20.0 - 26-03-2024 *\/\n.elementor-heading-title{padding:0;margin:0;line-height:1}.elementor-widget-heading .elementor-heading-title[class*=elementor-size-]>a{color:inherit;font-size:inherit;line-height:inherit}.elementor-widget-heading .elementor-heading-title.elementor-size-small{font-size:15px}.elementor-widget-heading .elementor-heading-title.elementor-size-medium{font-size:19px}.elementor-widget-heading .elementor-heading-title.elementor-size-large{font-size:29px}.elementor-widget-heading .elementor-heading-title.elementor-size-xl{font-size:39px}.elementor-widget-heading .elementor-heading-title.elementor-size-xxl{font-size:59px}<\/style><h1 class=\"elementor-heading-title elementor-size-default\">Ingenier\u00eda<\/h1>\t\t<\/div>\n\t\t\t\t<\/div>\n\t\t\t\t<div class=\"elementor-element elementor-element-d9ae681 akin-star-rating--align-center elementor-widget elementor-widget-witr_section_title\" data-id=\"d9ae681\" data-element_type=\"widget\" data-widget_type=\"witr_section_title.default\">\n\t\t\t\t<div class=\"elementor-widget-container\">\n\t\t\t\t\t\t\t\t<!-- title left -->\n\t\t\t\t\t<div class=\"witr_section_title\">\n\t\t\t\t\t\t<div class=\"witr_section_title_inner text-left\">\n\t\t\t\t\t\t\n\t\t\t\t\t\t\t<!-- icon position -->\n\t\t\t\t\t\t\t\t\n\t\t\t\t\t\t\t<!-- end icon position -->\n\t\t\t\t\t\t\n\t\t\t\t\t\t\n\t\t\t\t\t\t\t<!-- title top -->\n\t\t\t\t\t\t\t\n\t\t\t\t\t\t\t<!-- icon position -->\n\t\t\t\t\t\t\t\t\n\t\t\t\t\t\t\t<!-- end icon position -->\n\n\t\t\t\t\t\t\t\n\t\t\t\t\t\t\t<!-- title middle -->\n\t\t\t\t\t\t\t\t\t\t\t\t\t\t\t<h3>\n<\/h3>\t\t\n\t\t\t\t\t\t\t\t\t\t\t\t\t\t<!-- title bottom -->\n\t\t\t\t\t\t\t\t\t\t\t\t\t\t\n\t\t\t\t\t\t\t<!-- icon position -->\n\t\t\t\t\t\t\t\t\t\t\t\t\t\t\n\t\t\t\t\t\t\t<!-- image -->\n\t\t\t\t\t\t\t\t\t\t\t\t\t\t<!-- icon -->\n\t\t\t\t\t\t\t\t\t\t\t\t\t\t\n\t\t\t\t\t\t\t<!-- bar -->\n\t\t\t\t\t\t\t\t\t\t\t\t\t\t<!-- circle bar -->\n\t\t\t\t\t\t\t\t\t\t\t\t\t\t\n\t\t\t\t\t\t\t\t\n\t\t\t\t\t\t\t<!-- end icon position -->\n\n\t\t\t\t\t\t\t<!-- content -->\n\t\t\t\t\t\t\t\t\t\t\t\t\t\t\t<p>\nEmpresa especializada en ingenier\u00eda, ejecuci\u00f3n de proyectos, licencias, certificados y servicios relacionados.\n\n <\/p>\t\t\n\t\t\t\t\t\t\t\t\t\t\t\t\t<\/div>\n\t\t\t\t\t\t\t<!-- inner title -->\n\t\t\t\t\t\t\t\t\t\t\t\t\t\n\t\t\t\t\t<\/div>\t\t\t\t\n\t\t\t\t\t\t<\/div>\n\t\t\t\t<\/div>\n\t\t\t\t<\/div>\n\t\t\t\t\t<\/div>\n\t\t\t\t<\/div>\n\t\t<div class=\"elementor-element elementor-element-5120b7e e-flex e-con-boxed e-con e-parent\" data-id=\"5120b7e\" data-element_type=\"container\" data-core-v316-plus=\"true\">\n\t\t\t\t\t<div class=\"e-con-inner\">\n\t\t\t\t<div class=\"elementor-element elementor-element-d6bbc5e akin-star-rating--align-center elementor-widget elementor-widget-witr_section_title\" data-id=\"d6bbc5e\" data-element_type=\"widget\" data-widget_type=\"witr_section_title.default\">\n\t\t\t\t<div class=\"elementor-widget-container\">\n\t\t\t\t\t\t\t\t<!-- title center -->\n\t\t\t\t\t<div class=\"witr_section_title\">\n\t\t\t\t\t\t<div class=\"witr_section_title_inner text-center\">\n\n\t\t\t\t\t\t\t<!-- icon position -->\n\t\t\t\t\t\t\t\t\n\t\t\t\t\t\t\t<!-- end icon position -->\n\t\t\t\t\t\t\t\n\t\t\t\t\t\t\n\t\t\t\t\t\t\t<!-- title top -->\n\t\t\t\t\t\t\t\n\n\t\t\t\t\t\t\t<!-- icon position -->\n\t\t\t\t\t\t\t\t\n\t\t\t\t\t\t\t<!-- end icon position -->\n\n\n\t\t\t\t\t\t\t\n\t\t\t\t\t\t\t<!-- title middle -->\n\t\t\t\t\t\t\t\t\t\t\t\t\t\t\t<h3>Puntos de ingenier\u00eda<\/h3>\t\t\n\t\t\t\t\t\t\t\t\t\t\t\t\t\t<!-- title bottom -->\n\t\t\t\t\t\t\t\n\t\t\t\t\t\t\t\n\t\t\t\t\t\t\t\n\t\t\t\t\t\t\t\t\t\t\t\t\t\t\n\t\t\t\t\t\t\t<!-- image -->\n\t\t\t\t\t\t\t\t\t\t\t\t\t\t<!-- icon -->\n\t\t\t\t\t\t\t\t\t\t\t\t\t\t\n\t\t\t\t\t\t\t<!-- bar -->\n\t\t\t\t\t\t\t\t\t\t\t\t\t\t<!-- circle bar -->\n\t\t\t\t\t\t\t\t\t\t\t\t\t\t\n\t\t\t\t\t\t\t\t\n\t\t\t\t\t\t\t\n\n\t\t\t\t\t\t\t\n\t\t\t\t\t\t\t<!-- content -->\n\t\t\t\t\t\t\t\t\t\t\t\t\t\t\n\t\t\t\t\t\t<\/div>\n\t\t\t\t\t\t\t<!-- inner title -->\n\t\t\t\t\t\t\t\t\t\t\t\t\t\n\t\t\t\t\t<\/div>\n\n\t\t\t\t\t\t<\/div>\n\t\t\t\t<\/div>\n\t\t\t\t\t<\/div>\n\t\t\t\t<\/div>\n\t\t<div class=\"elementor-element elementor-element-9fb7643 e-flex e-con-boxed e-con e-parent\" data-id=\"9fb7643\" data-element_type=\"container\" data-core-v316-plus=\"true\">\n\t\t\t\t\t<div class=\"e-con-inner\">\n\t\t<div class=\"elementor-element elementor-element-1fd9a43 e-con-full e-flex e-con e-child\" data-id=\"1fd9a43\" data-element_type=\"container\">\n\t\t\t\t<div class=\"elementor-element elementor-element-85500e0 elementor-widget elementor-widget-image\" data-id=\"85500e0\" data-element_type=\"widget\" data-widget_type=\"image.default\">\n\t\t\t\t<div class=\"elementor-widget-container\">\n\t\t\t\t\t\t\t\t\t\t\t\t\t<img decoding=\"async\" width=\"900\" height=\"550\" src=\"https:\/\/cisa.cat\/wp-content\/uploads\/2024\/04\/enginyeriaprin-900x550.jpg\" class=\"attachment-akin-blog-single size-akin-blog-single wp-image-11524\" alt=\"Execuci\u00f3 de projectes - Obras civiles\" \/>\t\t\t\t\t\t\t\t\t\t\t\t\t<\/div>\n\t\t\t\t<\/div>\n\t\t\t\t<\/div>\n\t\t<div class=\"elementor-element elementor-element-e2d5e2f e-con-full e-flex e-con e-child\" data-id=\"e2d5e2f\" data-element_type=\"container\">\n\t\t\t\t<div class=\"elementor-element elementor-element-12cde8e akin-star-rating--align-center elementor-widget elementor-widget-witr_section_title\" data-id=\"12cde8e\" data-element_type=\"widget\" data-widget_type=\"witr_section_title.default\">\n\t\t\t\t<div class=\"elementor-widget-container\">\n\t\t\t\t\t\t\t\t<!-- title left -->\n\t\t\t\t\t<div class=\"witr_section_title\">\n\t\t\t\t\t\t<div class=\"witr_section_title_inner text-left\">\n\t\t\t\t\t\t\n\t\t\t\t\t\t\t<!-- icon position -->\n\t\t\t\t\t\t\t\t\n\t\t\t\t\t\t\t<!-- end icon position -->\n\t\t\t\t\t\t\n\t\t\t\t\t\t\n\t\t\t\t\t\t\t<!-- title top -->\n\t\t\t\t\t\t\t\n\t\t\t\t\t\t\t<!-- icon position -->\n\t\t\t\t\t\t\t\t\n\t\t\t\t\t\t\t<!-- end icon position -->\n\n\t\t\t\t\t\t\t\n\t\t\t\t\t\t\t<!-- title middle -->\n\t\t\t\t\t\t\t\t\t\t\t\t\t\t\t<h3>Execuci\u00f3n de proyectos\n<\/h3>\t\t\n\t\t\t\t\t\t\t\t\t\t\t\t\t\t<!-- title bottom -->\n\t\t\t\t\t\t\t\t\t\t\t\t\t\t\n\t\t\t\t\t\t\t<!-- icon position -->\n\t\t\t\t\t\t\t\t\t\t\t\t\t\t\n\t\t\t\t\t\t\t<!-- image -->\n\t\t\t\t\t\t\t\t\t\t\t\t\t\t<!-- icon -->\n\t\t\t\t\t\t\t\t\t\t\t\t\t\t\n\t\t\t\t\t\t\t<!-- bar -->\n\t\t\t\t\t\t\t\t\t\t\t\t\t\t<!-- circle bar -->\n\t\t\t\t\t\t\t\t\t\t\t\t\t\t\n\t\t\t\t\t\t\t\t\n\t\t\t\t\t\t\t<!-- end icon position -->\n\n\t\t\t\t\t\t\t<!-- content -->\n\t\t\t\t\t\t\t\t\t\t\t\t\t\t\t<p>Diferentes ejecuciones de proyectos <\/p>\t\t\n\t\t\t\t\t\t\t\t\t\t\t\t\t<\/div>\n\t\t\t\t\t\t\t<!-- inner title -->\n\t\t\t\t\t\t\t\t\t\t\t\t\t\n\t\t\t\t\t<\/div>\t\t\t\t\n\t\t\t\t\t\t<\/div>\n\t\t\t\t<\/div>\n\t\t\t\t<\/div>\n\t\t\t\t\t<\/div>\n\t\t\t\t<\/div>\n\t\t<div class=\"elementor-element elementor-element-3c6c494 e-flex e-con-boxed e-con e-parent\" data-id=\"3c6c494\" data-element_type=\"container\" data-core-v316-plus=\"true\">\n\t\t\t\t\t<div class=\"e-con-inner\">\n\t\t<div class=\"elementor-element elementor-element-2000539 e-con-full e-flex e-con e-child\" data-id=\"2000539\" data-element_type=\"container\">\n\t\t\t\t<div class=\"elementor-element elementor-element-dddfc98 elementor-widget elementor-widget-image\" data-id=\"dddfc98\" data-element_type=\"widget\" data-widget_type=\"image.default\">\n\t\t\t\t<div class=\"elementor-widget-container\">\n\t\t\t\t\t\t\t\t\t\t\t\t\t<img decoding=\"async\" width=\"900\" height=\"550\" src=\"https:\/\/cisa.cat\/wp-content\/uploads\/2024\/04\/enginyeria2-900x550.jpg\" class=\"attachment-akin-blog-single size-akin-blog-single wp-image-11525\" alt=\"Llic\u00e8ncies d&#039;activitats -Obras civiles\" \/>\t\t\t\t\t\t\t\t\t\t\t\t\t<\/div>\n\t\t\t\t<\/div>\n\t\t\t\t<\/div>\n\t\t<div class=\"elementor-element elementor-element-aa0068a e-con-full e-flex e-con e-child\" data-id=\"aa0068a\" data-element_type=\"container\">\n\t\t\t\t<div class=\"elementor-element elementor-element-1a21784 akin-star-rating--align-center elementor-widget elementor-widget-witr_section_title\" data-id=\"1a21784\" data-element_type=\"widget\" data-widget_type=\"witr_section_title.default\">\n\t\t\t\t<div class=\"elementor-widget-container\">\n\t\t\t\t\t\t\t\t<!-- title left -->\n\t\t\t\t\t<div class=\"witr_section_title\">\n\t\t\t\t\t\t<div class=\"witr_section_title_inner text-left\">\n\t\t\t\t\t\t\n\t\t\t\t\t\t\t<!-- icon position -->\n\t\t\t\t\t\t\t\t\n\t\t\t\t\t\t\t<!-- end icon position -->\n\t\t\t\t\t\t\n\t\t\t\t\t\t\n\t\t\t\t\t\t\t<!-- title top -->\n\t\t\t\t\t\t\t\n\t\t\t\t\t\t\t<!-- icon position -->\n\t\t\t\t\t\t\t\t\n\t\t\t\t\t\t\t<!-- end icon position -->\n\n\t\t\t\t\t\t\t\n\t\t\t\t\t\t\t<!-- title middle -->\n\t\t\t\t\t\t\t\t\t\t\t\t\t\t\t<h3>Licencias de actividades\n<\/h3>\t\t\n\t\t\t\t\t\t\t\t\t\t\t\t\t\t<!-- title bottom -->\n\t\t\t\t\t\t\t\t\t\t\t\t\t\t\n\t\t\t\t\t\t\t<!-- icon position -->\n\t\t\t\t\t\t\t\t\t\t\t\t\t\t\n\t\t\t\t\t\t\t<!-- image -->\n\t\t\t\t\t\t\t\t\t\t\t\t\t\t<!-- icon -->\n\t\t\t\t\t\t\t\t\t\t\t\t\t\t\n\t\t\t\t\t\t\t<!-- bar -->\n\t\t\t\t\t\t\t\t\t\t\t\t\t\t<!-- circle bar -->\n\t\t\t\t\t\t\t\t\t\t\t\t\t\t\n\t\t\t\t\t\t\t\t\n\t\t\t\t\t\t\t<!-- end icon position -->\n\n\t\t\t\t\t\t\t<!-- content -->\n\t\t\t\t\t\t\t\t\t\t\t\t\t\t\t<p>Disponemos de licencias de certificados <\/p>\t\t\n\t\t\t\t\t\t\t\t\t\t\t\t\t<\/div>\n\t\t\t\t\t\t\t<!-- inner title -->\n\t\t\t\t\t\t\t\t\t\t\t\t\t\n\t\t\t\t\t<\/div>\t\t\t\t\n\t\t\t\t\t\t<\/div>\n\t\t\t\t<\/div>\n\t\t\t\t<\/div>\n\t\t\t\t\t<\/div>\n\t\t\t\t<\/div>\n\t\t<div class=\"elementor-element elementor-element-ef2ae24 e-flex e-con-boxed e-con e-parent\" data-id=\"ef2ae24\" data-element_type=\"container\" data-core-v316-plus=\"true\">\n\t\t\t\t\t<div class=\"e-con-inner\">\n\t\t<div class=\"elementor-element elementor-element-260fea4 e-con-full e-flex e-con e-child\" data-id=\"260fea4\" data-element_type=\"container\">\n\t\t\t\t<div class=\"elementor-element elementor-element-77f1337 elementor-widget elementor-widget-image\" data-id=\"77f1337\" data-element_type=\"widget\" data-widget_type=\"image.default\">\n\t\t\t\t<div class=\"elementor-widget-container\">\n\t\t\t\t\t\t\t\t\t\t\t\t\t<img loading=\"lazy\" decoding=\"async\" width=\"900\" height=\"550\" src=\"https:\/\/cisa.cat\/wp-content\/uploads\/2024\/04\/enginyeria1-900x550.jpg\" class=\"attachment-akin-blog-single size-akin-blog-single wp-image-11526\" alt=\"Certificats energ\u00e8tics -Obras civiles\" \/>\t\t\t\t\t\t\t\t\t\t\t\t\t<\/div>\n\t\t\t\t<\/div>\n\t\t\t\t<\/div>\n\t\t<div class=\"elementor-element elementor-element-d5cad50 e-con-full e-flex e-con e-child\" data-id=\"d5cad50\" data-element_type=\"container\">\n\t\t\t\t<div class=\"elementor-element elementor-element-6b7e419 akin-star-rating--align-center elementor-widget elementor-widget-witr_section_title\" data-id=\"6b7e419\" data-element_type=\"widget\" data-widget_type=\"witr_section_title.default\">\n\t\t\t\t<div class=\"elementor-widget-container\">\n\t\t\t\t\t\t\t\t<!-- title left -->\n\t\t\t\t\t<div class=\"witr_section_title\">\n\t\t\t\t\t\t<div class=\"witr_section_title_inner text-left\">\n\t\t\t\t\t\t\n\t\t\t\t\t\t\t<!-- icon position -->\n\t\t\t\t\t\t\t\t\n\t\t\t\t\t\t\t<!-- end icon position -->\n\t\t\t\t\t\t\n\t\t\t\t\t\t\n\t\t\t\t\t\t\t<!-- title top -->\n\t\t\t\t\t\t\t\n\t\t\t\t\t\t\t<!-- icon position -->\n\t\t\t\t\t\t\t\t\n\t\t\t\t\t\t\t<!-- end icon position -->\n\n\t\t\t\t\t\t\t\n\t\t\t\t\t\t\t<!-- title middle -->\n\t\t\t\t\t\t\t\t\t\t\t\t\t\t\t<h3>Certificados Energ\u00e9ticos\n<\/h3>\t\t\n\t\t\t\t\t\t\t\t\t\t\t\t\t\t<!-- title bottom -->\n\t\t\t\t\t\t\t\t\t\t\t\t\t\t\n\t\t\t\t\t\t\t<!-- icon position -->\n\t\t\t\t\t\t\t\t\t\t\t\t\t\t\n\t\t\t\t\t\t\t<!-- image -->\n\t\t\t\t\t\t\t\t\t\t\t\t\t\t<!-- icon -->\n\t\t\t\t\t\t\t\t\t\t\t\t\t\t\n\t\t\t\t\t\t\t<!-- bar -->\n\t\t\t\t\t\t\t\t\t\t\t\t\t\t<!-- circle bar -->\n\t\t\t\t\t\t\t\t\t\t\t\t\t\t\n\t\t\t\t\t\t\t\t\n\t\t\t\t\t\t\t<!-- end icon position -->\n\n\t\t\t\t\t\t\t<!-- content -->\n\t\t\t\t\t\t\t\t\t\t\t\t\t\t\t<p>Disponemos de certificados energ\u00e9ticos para todos nuestros servicios. <\/p>\t\t\n\t\t\t\t\t\t\t\t\t\t\t\t\t<\/div>\n\t\t\t\t\t\t\t<!-- inner title -->\n\t\t\t\t\t\t\t\t\t\t\t\t\t\n\t\t\t\t\t<\/div>\t\t\t\t\n\t\t\t\t\t\t<\/div>\n\t\t\t\t<\/div>\n\t\t\t\t<\/div>\n\t\t\t\t\t<\/div>\n\t\t\t\t<\/div>\n\t\t\t\t<\/div>\n\t\t","protected":false},"excerpt":{"rendered":"<p>Ingenier\u00eda Empresa especializada en ingenier\u00eda, ejecuci\u00f3n de proyectos, licencias, certificados y servicios relacionados. Puntos de ingenier\u00eda Execuci\u00f3n de proyectos Diferentes ejecuciones de proyectos Licencias de actividades Disponemos de licencias de certificados Certificados Energ\u00e9ticos Disponemos de certificados energ\u00e9ticos para todos nuestros servicios.<\/p>\n","protected":false},"author":1,"featured_media":0,"parent":0,"menu_order":0,"comment_status":"closed","ping_status":"closed","template":"template-home.php","meta":{"footnotes":""},"class_list":["post-12149","page","type-page","status-publish","hentry"],"yoast_head":"<!-- This site is optimized with the Yoast SEO plugin v23.3 - https:\/\/yoast.com\/wordpress\/plugins\/seo\/ -->\n<title>Ingenier\u00eda en obras civiles: Innovaci\u00f3n, calidad, sostenibilidad<\/title>\n<meta name=\"description\" content=\"Expertos en ingenier\u00eda y construcci\u00f3n de obras civiles. Innovamos con calidad para crear proyectos sostenibles. \u00a1Conf\u00eda en CISA!\" \/>\n<meta name=\"robots\" content=\"index, follow, max-snippet:-1, max-image-preview:large, max-video-preview:-1\" \/>\n<link rel=\"canonical\" href=\"https:\/\/cisa.cat\/es\/ingenieria\/\" \/>\n<meta property=\"og:locale\" content=\"es_ES\" \/>\n<meta property=\"og:type\" content=\"article\" \/>\n<meta property=\"og:title\" content=\"Ingenier\u00eda en obras civiles: Innovaci\u00f3n, calidad, sostenibilidad\" \/>\n<meta property=\"og:description\" content=\"Expertos en ingenier\u00eda y construcci\u00f3n de obras civiles. Innovamos con calidad para crear proyectos sostenibles. \u00a1Conf\u00eda en CISA!\" \/>\n<meta property=\"og:url\" content=\"https:\/\/cisa.cat\/es\/ingenieria\/\" \/>\n<meta property=\"og:site_name\" content=\"Cisa\" \/>\n<meta property=\"article:publisher\" content=\"https:\/\/www.facebook.com\/CatalanaInfraestructures\/?locale=es_ES\" \/>\n<meta property=\"article:modified_time\" content=\"2024-09-05T08:27:06+00:00\" \/>\n<meta property=\"og:image\" content=\"https:\/\/cisa.cat\/wp-content\/uploads\/2024\/04\/enginyeria3-900x550.jpg\" \/>\n<meta name=\"twitter:card\" content=\"summary_large_image\" \/>\n<meta name=\"twitter:label1\" content=\"Tiempo de lectura\" \/>\n\t<meta name=\"twitter:data1\" content=\"2 minutos\" \/>\n<script type=\"application\/ld+json\" class=\"yoast-schema-graph\">{\"@context\":\"https:\/\/schema.org\",\"@graph\":[{\"@type\":\"WebPage\",\"@id\":\"https:\/\/cisa.cat\/es\/ingenieria\/\",\"url\":\"https:\/\/cisa.cat\/es\/ingenieria\/\",\"name\":\"Ingenier\u00eda en obras civiles: Innovaci\u00f3n, calidad, sostenibilidad\",\"isPartOf\":{\"@id\":\"https:\/\/cisa.cat\/#website\"},\"primaryImageOfPage\":{\"@id\":\"https:\/\/cisa.cat\/es\/ingenieria\/#primaryimage\"},\"image\":{\"@id\":\"https:\/\/cisa.cat\/es\/ingenieria\/#primaryimage\"},\"thumbnailUrl\":\"https:\/\/cisa.cat\/wp-content\/uploads\/2024\/04\/enginyeria3-900x550.jpg\",\"datePublished\":\"2024-04-17T10:59:49+00:00\",\"dateModified\":\"2024-09-05T08:27:06+00:00\",\"description\":\"Expertos en ingenier\u00eda y construcci\u00f3n de obras civiles. Innovamos con calidad para crear proyectos sostenibles. \u00a1Conf\u00eda en CISA!\",\"breadcrumb\":{\"@id\":\"https:\/\/cisa.cat\/es\/ingenieria\/#breadcrumb\"},\"inLanguage\":\"es\",\"potentialAction\":[{\"@type\":\"ReadAction\",\"target\":[\"https:\/\/cisa.cat\/es\/ingenieria\/\"]}]},{\"@type\":\"ImageObject\",\"inLanguage\":\"es\",\"@id\":\"https:\/\/cisa.cat\/es\/ingenieria\/#primaryimage\",\"url\":\"https:\/\/cisa.cat\/wp-content\/uploads\/2024\/04\/enginyeria3-900x550.jpg\",\"contentUrl\":\"https:\/\/cisa.cat\/wp-content\/uploads\/2024\/04\/enginyeria3-900x550.jpg\"},{\"@type\":\"BreadcrumbList\",\"@id\":\"https:\/\/cisa.cat\/es\/ingenieria\/#breadcrumb\",\"itemListElement\":[{\"@type\":\"ListItem\",\"position\":1,\"name\":\"Inici\",\"item\":\"https:\/\/cisa.cat\/es\/\"},{\"@type\":\"ListItem\",\"position\":2,\"name\":\"Ingenier\u00eda\"}]},{\"@type\":\"WebSite\",\"@id\":\"https:\/\/cisa.cat\/#website\",\"url\":\"https:\/\/cisa.cat\/\",\"name\":\"Cisa\",\"description\":\"\",\"publisher\":{\"@id\":\"https:\/\/cisa.cat\/#organization\"},\"potentialAction\":[{\"@type\":\"SearchAction\",\"target\":{\"@type\":\"EntryPoint\",\"urlTemplate\":\"https:\/\/cisa.cat\/?s={search_term_string}\"},\"query-input\":\"required name=search_term_string\"}],\"inLanguage\":\"es\"},{\"@type\":\"Organization\",\"@id\":\"https:\/\/cisa.cat\/#organization\",\"name\":\"Cisa\",\"url\":\"https:\/\/cisa.cat\/\",\"logo\":{\"@type\":\"ImageObject\",\"inLanguage\":\"es\",\"@id\":\"https:\/\/cisa.cat\/#\/schema\/logo\/image\/\",\"url\":\"https:\/\/cisa.cat\/wp-content\/uploads\/2024\/04\/cropped-logo.jpg\",\"contentUrl\":\"https:\/\/cisa.cat\/wp-content\/uploads\/2024\/04\/cropped-logo.jpg\",\"width\":512,\"height\":512,\"caption\":\"Cisa\"},\"image\":{\"@id\":\"https:\/\/cisa.cat\/#\/schema\/logo\/image\/\"},\"sameAs\":[\"https:\/\/www.facebook.com\/CatalanaInfraestructures\/?locale=es_ES\",\"https:\/\/www.linkedin.com\/company\/catalana-d'infraestructures-i-serveis-associats-sl\/about\/\"]}]}<\/script>\n<!-- \/ Yoast SEO plugin. -->","yoast_head_json":{"title":"Ingenier\u00eda en obras civiles: Innovaci\u00f3n, calidad, sostenibilidad","description":"Expertos en ingenier\u00eda y construcci\u00f3n de obras civiles. Innovamos con calidad para crear proyectos sostenibles. \u00a1Conf\u00eda en CISA!","robots":{"index":"index","follow":"follow","max-snippet":"max-snippet:-1","max-image-preview":"max-image-preview:large","max-video-preview":"max-video-preview:-1"},"canonical":"https:\/\/cisa.cat\/es\/ingenieria\/","og_locale":"es_ES","og_type":"article","og_title":"Ingenier\u00eda en obras civiles: Innovaci\u00f3n, calidad, sostenibilidad","og_description":"Expertos en ingenier\u00eda y construcci\u00f3n de obras civiles. Innovamos con calidad para crear proyectos sostenibles. \u00a1Conf\u00eda en CISA!","og_url":"https:\/\/cisa.cat\/es\/ingenieria\/","og_site_name":"Cisa","article_publisher":"https:\/\/www.facebook.com\/CatalanaInfraestructures\/?locale=es_ES","article_modified_time":"2024-09-05T08:27:06+00:00","og_image":[{"url":"https:\/\/cisa.cat\/wp-content\/uploads\/2024\/04\/enginyeria3-900x550.jpg"}],"twitter_card":"summary_large_image","twitter_misc":{"Tiempo de lectura":"2 minutos"},"schema":{"@context":"https:\/\/schema.org","@graph":[{"@type":"WebPage","@id":"https:\/\/cisa.cat\/es\/ingenieria\/","url":"https:\/\/cisa.cat\/es\/ingenieria\/","name":"Ingenier\u00eda en obras civiles: Innovaci\u00f3n, calidad, sostenibilidad","isPartOf":{"@id":"https:\/\/cisa.cat\/#website"},"primaryImageOfPage":{"@id":"https:\/\/cisa.cat\/es\/ingenieria\/#primaryimage"},"image":{"@id":"https:\/\/cisa.cat\/es\/ingenieria\/#primaryimage"},"thumbnailUrl":"https:\/\/cisa.cat\/wp-content\/uploads\/2024\/04\/enginyeria3-900x550.jpg","datePublished":"2024-04-17T10:59:49+00:00","dateModified":"2024-09-05T08:27:06+00:00","description":"Expertos en ingenier\u00eda y construcci\u00f3n de obras civiles. Innovamos con calidad para crear proyectos sostenibles. \u00a1Conf\u00eda en CISA!","breadcrumb":{"@id":"https:\/\/cisa.cat\/es\/ingenieria\/#breadcrumb"},"inLanguage":"es","potentialAction":[{"@type":"ReadAction","target":["https:\/\/cisa.cat\/es\/ingenieria\/"]}]},{"@type":"ImageObject","inLanguage":"es","@id":"https:\/\/cisa.cat\/es\/ingenieria\/#primaryimage","url":"https:\/\/cisa.cat\/wp-content\/uploads\/2024\/04\/enginyeria3-900x550.jpg","contentUrl":"https:\/\/cisa.cat\/wp-content\/uploads\/2024\/04\/enginyeria3-900x550.jpg"},{"@type":"BreadcrumbList","@id":"https:\/\/cisa.cat\/es\/ingenieria\/#breadcrumb","itemListElement":[{"@type":"ListItem","position":1,"name":"Inici","item":"https:\/\/cisa.cat\/es\/"},{"@type":"ListItem","position":2,"name":"Ingenier\u00eda"}]},{"@type":"WebSite","@id":"https:\/\/cisa.cat\/#website","url":"https:\/\/cisa.cat\/","name":"Cisa","description":"","publisher":{"@id":"https:\/\/cisa.cat\/#organization"},"potentialAction":[{"@type":"SearchAction","target":{"@type":"EntryPoint","urlTemplate":"https:\/\/cisa.cat\/?s={search_term_string}"},"query-input":"required name=search_term_string"}],"inLanguage":"es"},{"@type":"Organization","@id":"https:\/\/cisa.cat\/#organization","name":"Cisa","url":"https:\/\/cisa.cat\/","logo":{"@type":"ImageObject","inLanguage":"es","@id":"https:\/\/cisa.cat\/#\/schema\/logo\/image\/","url":"https:\/\/cisa.cat\/wp-content\/uploads\/2024\/04\/cropped-logo.jpg","contentUrl":"https:\/\/cisa.cat\/wp-content\/uploads\/2024\/04\/cropped-logo.jpg","width":512,"height":512,"caption":"Cisa"},"image":{"@id":"https:\/\/cisa.cat\/#\/schema\/logo\/image\/"},"sameAs":["https:\/\/www.facebook.com\/CatalanaInfraestructures\/?locale=es_ES","https:\/\/www.linkedin.com\/company\/catalana-d'infraestructures-i-serveis-associats-sl\/about\/"]}]}},"_links":{"self":[{"href":"https:\/\/cisa.cat\/es\/wp-json\/wp\/v2\/pages\/12149","targetHints":{"allow":["GET"]}}],"collection":[{"href":"https:\/\/cisa.cat\/es\/wp-json\/wp\/v2\/pages"}],"about":[{"href":"https:\/\/cisa.cat\/es\/wp-json\/wp\/v2\/types\/page"}],"author":[{"embeddable":true,"href":"https:\/\/cisa.cat\/es\/wp-json\/wp\/v2\/users\/1"}],"replies":[{"embeddable":true,"href":"https:\/\/cisa.cat\/es\/wp-json\/wp\/v2\/comments?post=12149"}],"version-history":[{"count":12,"href":"https:\/\/cisa.cat\/es\/wp-json\/wp\/v2\/pages\/12149\/revisions"}],"predecessor-version":[{"id":12708,"href":"https:\/\/cisa.cat\/es\/wp-json\/wp\/v2\/pages\/12149\/revisions\/12708"}],"wp:attachment":[{"href":"https:\/\/cisa.cat\/es\/wp-json\/wp\/v2\/media?parent=12149"}],"curies":[{"name":"wp","href":"https:\/\/api.w.org\/{rel}","templated":true}]}}