{"id":12146,"date":"2024-04-17T13:13:40","date_gmt":"2024-04-17T11:13:40","guid":{"rendered":"https:\/\/cisa.cat\/contacte\/"},"modified":"2024-08-26T18:49:42","modified_gmt":"2024-08-26T16:49:42","slug":"contacto","status":"publish","type":"page","link":"https:\/\/cisa.cat\/es\/contacto\/","title":{"rendered":"Contacto"},"content":{"rendered":"\t\t<div data-elementor-type=\"wp-page\" data-elementor-id=\"12146\" class=\"elementor elementor-12146 elementor-11548\">\n\t\t\t\t\t\t<section class=\"elementor-section elementor-top-section elementor-element elementor-element-20b0895 elementor-section-boxed elementor-section-height-default elementor-section-height-default\" data-id=\"20b0895\" data-element_type=\"section\">\n\t\t\t\t\t\t<div class=\"elementor-container elementor-column-gap-default\">\n\t\t\t\t\t<div class=\"elementor-column elementor-col-33 elementor-top-column elementor-element elementor-element-9620818\" data-id=\"9620818\" data-element_type=\"column\">\n\t\t\t<div class=\"elementor-widget-wrap elementor-element-populated\">\n\t\t\t\t\t\t<div class=\"elementor-element elementor-element-5b6be5d elementor-widget elementor-widget-witr_section_service\" data-id=\"5b6be5d\" data-element_type=\"widget\" data-widget_type=\"witr_section_service.default\">\n\t\t\t\t<div class=\"elementor-widget-container\">\n\t\t\t\t\t\n\t\t\t<div class=\"service-item all_color_service same2 text-center  \">\n\t\t\t\t<div class=\"service_top_image\">\n\t\t\t\t\t<!-- image -->\n\t\t\t\t\t\t\t\t\n\t\t\t\t<\/div>\n\t\t\t\t<div class=\"text_box all_icon_color\">\n\t\t\t\t\t<!-- icon -->\n\t\t\t\t\t\t\t\t\t\t\t<i class=\"flaticon flaticon-map\"><\/i>\n\t\t\t\t\t\t\t\t\t\t<!-- custom icon -->\n\t\t\t\t\t\t\t\t\t\n\t\t\t\t\t<!-- image -->\n\t\t\t\t\t\t\n\t\t\t\t\t<!-- title -->\n\t\t\t\t\t\t\t\t\t\t\t\t\t\t\t<h3>Ubicaci\u00f3n\n <\/h3>\n\t\t\t\t\t\t\t\t\t\t\t\t\t\t\t<!-- content -->\n\t\t\t\t\t\t\t\t\t\t\t<p><a href=\"https:\/\/www.google.com\/maps?ll=41.894862,1.86899&z=15&t=m&hl=es-419&gl=US&mapclient=embed&cid=2448997120092385817\" target=\"_blank\" >Font de la Ventaiola 1,<br>08670 Nav\u00e0s<\/a><br> <\/p>\t\t\n\t\t\t\t\t\t\t\t\t\t<!-- button -->\n\t\t\t\t\t\t\t\t\t\n\t\t\t\t<\/div> <!-- text_box -->\t\t\t\t\t\t\t\n\t\t\t<\/div> <!-- service item -->\t\t\t\t\t\t\t\n \t\t\t\t<\/div>\n\t\t\t\t<\/div>\n\t\t\t\t\t<\/div>\n\t\t<\/div>\n\t\t\t\t<div class=\"elementor-column elementor-col-33 elementor-top-column elementor-element elementor-element-6e79bd8\" data-id=\"6e79bd8\" data-element_type=\"column\">\n\t\t\t<div class=\"elementor-widget-wrap elementor-element-populated\">\n\t\t\t\t\t\t<div class=\"elementor-element elementor-element-2aaa137 elementor-widget elementor-widget-witr_section_service\" data-id=\"2aaa137\" data-element_type=\"widget\" data-widget_type=\"witr_section_service.default\">\n\t\t\t\t<div class=\"elementor-widget-container\">\n\t\t\t\t\t\n\t\t\t<div class=\"service-item all_color_service  text-center  \">\n\t\t\t\t<div class=\"service_top_image\">\n\t\t\t\t\t<!-- image -->\n\t\t\t\t\t\t\t\t\n\t\t\t\t<\/div>\n\t\t\t\t<div class=\"text_box all_icon_color\">\n\t\t\t\t\t<!-- icon -->\n\t\t\t\t\t\t\t\t\t\t\t<i class=\"flaticon flaticon-call\"><\/i>\n\t\t\t\t\t\t\t\t\t\t<!-- custom icon -->\n\t\t\t\t\t\t\t\t\t\n\t\t\t\t\t<!-- image -->\n\t\t\t\t\t\t\n\t\t\t\t\t<!-- title -->\n\t\t\t\t\t\t\t\t\t\t\t\t\t\t\t<h3>Tel\u00e9fono\n <\/h3>\n\t\t\t\t\t\t\t\t\t\t\t\t\t\t\t<!-- content -->\n\t\t\t\t\t\t\t\t\t\t\t<p><a href=\"tel:+34938204633\" target=\"_blank\" >+34 938 20 46 33<\/a><br>\n<a href=\"tel:+34640938452\" target=\"_blank\" >+34 640 93 84 52<\/a><br> <\/p>\t\t\n\t\t\t\t\t\t\t\t\t\t<!-- button -->\n\t\t\t\t\t\t\t\t\t\n\t\t\t\t<\/div> <!-- text_box -->\t\t\t\t\t\t\t\n\t\t\t<\/div> <!-- service item -->\t\t\t\t\t\t\t\n \t\t\t\t<\/div>\n\t\t\t\t<\/div>\n\t\t\t\t\t<\/div>\n\t\t<\/div>\n\t\t\t\t<div class=\"elementor-column elementor-col-33 elementor-top-column elementor-element elementor-element-965975a\" data-id=\"965975a\" data-element_type=\"column\">\n\t\t\t<div class=\"elementor-widget-wrap elementor-element-populated\">\n\t\t\t\t\t\t<div class=\"elementor-element elementor-element-52a26b3 elementor-widget elementor-widget-witr_section_service\" data-id=\"52a26b3\" data-element_type=\"widget\" data-widget_type=\"witr_section_service.default\">\n\t\t\t\t<div class=\"elementor-widget-container\">\n\t\t\t\t\t\n\t\t\t<div class=\"service-item all_color_service  text-center  \">\n\t\t\t\t<div class=\"service_top_image\">\n\t\t\t\t\t<!-- image -->\n\t\t\t\t\t\t\t\t\n\t\t\t\t<\/div>\n\t\t\t\t<div class=\"text_box all_icon_color\">\n\t\t\t\t\t<!-- icon -->\n\t\t\t\t\t\t\t\t\t\t\t<i class=\"flaticon flaticon-mail\"><\/i>\n\t\t\t\t\t\t\t\t\t\t<!-- custom icon -->\n\t\t\t\t\t\t\t\t\t\n\t\t\t\t\t<!-- image -->\n\t\t\t\t\t\t\n\t\t\t\t\t<!-- title -->\n\t\t\t\t\t\t\t\t\t\t\t\t\t\t\t<h3>E-mail \n <\/h3>\n\t\t\t\t\t\t\t\t\t\t\t\t\t\t\t<!-- content -->\n\t\t\t\t\t\t\t\t\t\t\t<p><a href=\"mailto:admin@cisa.cat\" target=\"_blank\" >admin@cisa.cat<\/a> <br> <br> <\/p>\t\t\n\t\t\t\t\t\t\t\t\t\t<!-- button -->\n\t\t\t\t\t\t\t\t\t\n\t\t\t\t<\/div> <!-- text_box -->\t\t\t\t\t\t\t\n\t\t\t<\/div> <!-- service item -->\t\t\t\t\t\t\t\n \t\t\t\t<\/div>\n\t\t\t\t<\/div>\n\t\t\t\t\t<\/div>\n\t\t<\/div>\n\t\t\t\t\t<\/div>\n\t\t<\/section>\n\t\t\t\t<section class=\"elementor-section elementor-top-section elementor-element elementor-element-b7187f0 elementor-section-boxed elementor-section-height-default elementor-section-height-default\" data-id=\"b7187f0\" data-element_type=\"section\">\n\t\t\t\t\t\t<div class=\"elementor-container elementor-column-gap-default\">\n\t\t\t\t\t<div class=\"elementor-column elementor-col-100 elementor-top-column elementor-element elementor-element-a55484d\" data-id=\"a55484d\" data-element_type=\"column\">\n\t\t\t<div class=\"elementor-widget-wrap elementor-element-populated\">\n\t\t\t\t\t\t<div class=\"elementor-element elementor-element-a4b0796 akin-star-rating--align-center akin-star-rating--align-left elementor-widget elementor-widget-witr_section_apartment\" data-id=\"a4b0796\" data-element_type=\"widget\" data-widget_type=\"witr_section_apartment.default\">\n\t\t\t\t<div class=\"elementor-widget-container\">\n\t\t\t\n\t\t\t\t\t<div class=\"apartment_area\">\t\t\t\t\n\t\t\t\t\t\t<div class=\"apartment_text\">\t\t\n\t\t\t\t\t\t\t<!-- title -->\n\t\t\t\t\t\t\t\t\t\t\t\t\t\t\t<h1>Contacta con nosotros<\/h1>\n\t\t\t\t\t\t\t\t\t\n\t\t\t\t\t\t\t<!-- content -->\n\t\t\t\t\t\t\t\t\t\t\t\t\t\t\n\t\t\t\t\t\t<\/div>\t\t\n\t\t\t\t\t\t<div class=\"witr_apartment_form\">\t\t\t\t\t\n\t\t\t\t\t\t\n<div class=\"wpcf7 no-js\" id=\"wpcf7-f12270-o1\" lang=\"es-ES\" dir=\"ltr\">\n<div class=\"screen-reader-response\"><p role=\"status\" aria-live=\"polite\" aria-atomic=\"true\"><\/p> <ul><\/ul><\/div>\n<form action=\"\/es\/wp-json\/wp\/v2\/pages\/12146#wpcf7-f12270-o1\" method=\"post\" class=\"wpcf7-form init\" aria-label=\"Formulario de contacto\" novalidate=\"novalidate\" data-status=\"init\">\n<div style=\"display: none;\">\n<input type=\"hidden\" name=\"_wpcf7\" value=\"12270\" \/>\n<input type=\"hidden\" name=\"_wpcf7_version\" value=\"5.9.3\" \/>\n<input type=\"hidden\" name=\"_wpcf7_locale\" value=\"es_ES\" \/>\n<input type=\"hidden\" name=\"_wpcf7_unit_tag\" value=\"wpcf7-f12270-o1\" \/>\n<input type=\"hidden\" name=\"_wpcf7_container_post\" value=\"0\" \/>\n<input type=\"hidden\" name=\"_wpcf7_posted_data_hash\" value=\"\" \/>\n<input type=\"hidden\" name=\"_wpcf7_recaptcha_response\" value=\"\" \/>\n<\/div>\n<div class=\"row\">\n\t<div class=\"col-lg-6 col-md-6\">\n\t\t<div class=\"twr_form_box\">\n\t\t\t<p><span class=\"wpcf7-form-control-wrap\" data-name=\"text-30\"><input size=\"40\" class=\"wpcf7-form-control wpcf7-text wpcf7-validates-as-required form-control\" aria-required=\"true\" aria-invalid=\"false\" placeholder=\"Nombre*\" value=\"\" type=\"text\" name=\"text-30\" \/><\/span>\n\t\t\t<\/p>\n\t\t<\/div>\n\t<\/div>\n\t<div class=\"col-lg-6 col-md-6\">\n\t\t<div class=\"twr_form_box\">\n\t\t\t<p><span class=\"wpcf7-form-control-wrap\" data-name=\"email-380\"><input size=\"40\" class=\"wpcf7-form-control wpcf7-email wpcf7-validates-as-required wpcf7-text wpcf7-validates-as-email form-control\" aria-required=\"true\" aria-invalid=\"false\" placeholder=\"Email*\" value=\"\" type=\"email\" name=\"email-380\" \/><\/span>\n\t\t\t<\/p>\n\t\t<\/div>\n\t<\/div>\n\t<div class=\"col-lg-12 col-md-12\">\n\t\t<div class=\"twr_form_box \">\n\t\t\t<p><span class=\"wpcf7-form-control-wrap\" data-name=\"number-19\"><input class=\"wpcf7-form-control wpcf7-number wpcf7-validates-as-required wpcf7-validates-as-number form-control\" aria-required=\"true\" aria-invalid=\"false\" placeholder=\"Tel\u00e9fono*\" value=\"\" type=\"number\" name=\"number-19\" \/><\/span>\n\t\t\t<\/p>\n\t\t<\/div>\n\t<\/div>\n\t<div class=\"col-lg-12 col-md-12\">\n\t\t<div class=\"twr_form_box \">\n\t\t\t<p><span class=\"wpcf7-form-control-wrap\" data-name=\"textarea\"><textarea cols=\"40\" rows=\"6\" class=\"wpcf7-form-control wpcf7-textarea wpcf7-validates-as-required form-control\" aria-required=\"true\" aria-invalid=\"false\" placeholder=\"Mensaje\" name=\"textarea\"><\/textarea><\/span>\n\t\t\t<\/p>\n\t\t<\/div>\n\t\t<p><span class=\"wpcf7-form-control-wrap\" data-name=\"acceptance-289\"><span class=\"wpcf7-form-control wpcf7-acceptance\"><span class=\"wpcf7-list-item\"><label><input type=\"checkbox\" name=\"acceptance-289\" value=\"1\" class=\"acceptance\" aria-invalid=\"false\" \/><span class=\"wpcf7-list-item-label\">He le\u00eddo y acepto la <a href=\"https:\/\/cisa.cat\/es\/politica-de-privacidad\/\"> politica de privacidad.<\/a><\/span><\/label><\/span><\/span><\/span><br \/>\n<button type=\"submit\" class=\"btn btn-primary\">Enviar<\/button>\n\t\t<\/p>\n\t<\/div>\n<\/div><div class=\"wpcf7-response-output\" aria-hidden=\"true\"><\/div>\n<\/form>\n<\/div>\n\t\t\t\t\t\t\t\t\n\t\t\t\t\t\t<\/div>\n\t\t\t\t\t<\/div>\t\t\t\t\t\n\t\t\n\t\t\t\t<\/div>\n\t\t\t\t<\/div>\n\t\t\t\t\t<\/div>\n\t\t<\/div>\n\t\t\t\t\t<\/div>\n\t\t<\/section>\n\t\t\t\t<section class=\"elementor-section elementor-top-section elementor-element elementor-element-4c1f1bd elementor-section-full_width elementor-section-height-default elementor-section-height-default\" data-id=\"4c1f1bd\" data-element_type=\"section\">\n\t\t\t\t\t\t<div class=\"elementor-container elementor-column-gap-no\">\n\t\t\t\t\t<div class=\"elementor-column elementor-col-100 elementor-top-column elementor-element elementor-element-5e4bf83\" data-id=\"5e4bf83\" data-element_type=\"column\">\n\t\t\t<div class=\"elementor-widget-wrap elementor-element-populated\">\n\t\t\t\t\t\t<div class=\"elementor-element elementor-element-c9bb51b elementor-widget elementor-widget-google_maps\" data-id=\"c9bb51b\" data-element_type=\"widget\" data-widget_type=\"google_maps.default\">\n\t\t\t\t<div class=\"elementor-widget-container\">\n\t\t\t<style>\/*! elementor - v3.20.0 - 26-03-2024 *\/\n.elementor-widget-google_maps .elementor-widget-container{overflow:hidden}.elementor-widget-google_maps .elementor-custom-embed{line-height:0}.elementor-widget-google_maps iframe{height:300px}<\/style>\t\t<div class=\"elementor-custom-embed\">\n\t\t\t<iframe loading=\"lazy\"\n\t\t\t\t\tsrc=\"https:\/\/maps.google.com\/maps?q=Catalana%20de%20Infraestructuras%20y%20Servicios%20Asociados&#038;t=m&#038;z=15&#038;output=embed&#038;iwloc=near\"\n\t\t\t\t\ttitle=\"Catalana de Infraestructuras y Servicios Asociados\"\n\t\t\t\t\taria-label=\"Catalana de Infraestructuras y Servicios Asociados\"\n\t\t\t><\/iframe>\n\t\t<\/div>\n\t\t\t\t<\/div>\n\t\t\t\t<\/div>\n\t\t\t\t\t<\/div>\n\t\t<\/div>\n\t\t\t\t\t<\/div>\n\t\t<\/section>\n\t\t\t\t<\/div>\n\t\t","protected":false},"excerpt":{"rendered":"<p>Ubicaci\u00f3n Font de la Ventaiola 1,08670 Nav\u00e0s Tel\u00e9fono +34 938 20 46 33 +34 640 93 84 52 E-mail admin@cisa.cat Contacta con nosotros He le\u00eddo y acepto la politica de privacidad. Enviar<\/p>\n","protected":false},"author":1,"featured_media":0,"parent":0,"menu_order":0,"comment_status":"closed","ping_status":"closed","template":"template-home.php","meta":{"footnotes":""},"class_list":["post-12146","page","type-page","status-publish","hentry"],"yoast_head":"<!-- This site is optimized with the Yoast SEO plugin v23.3 - https:\/\/yoast.com\/wordpress\/plugins\/seo\/ -->\n<title>Contacta con nosotros como empresa de obras civiles<\/title>\n<meta name=\"description\" content=\"\u00bfTienes un proyecto de obra civil? Somos tu empresa constructora de obras civiles de confianza. \u00a1Contacta con nosotros para hacer realidad tu proyecto!\" \/>\n<meta name=\"robots\" content=\"index, follow, max-snippet:-1, max-image-preview:large, max-video-preview:-1\" \/>\n<link rel=\"canonical\" href=\"https:\/\/cisa.cat\/es\/contacto\/\" \/>\n<meta property=\"og:locale\" content=\"es_ES\" \/>\n<meta property=\"og:type\" content=\"article\" \/>\n<meta property=\"og:title\" content=\"Contacta con nosotros como empresa de obras civiles\" \/>\n<meta property=\"og:description\" content=\"\u00bfTienes un proyecto de obra civil? Somos tu empresa constructora de obras civiles de confianza. \u00a1Contacta con nosotros para hacer realidad tu proyecto!\" \/>\n<meta property=\"og:url\" content=\"https:\/\/cisa.cat\/es\/contacto\/\" \/>\n<meta property=\"og:site_name\" content=\"Cisa\" \/>\n<meta property=\"article:publisher\" content=\"https:\/\/www.facebook.com\/CatalanaInfraestructures\/?locale=es_ES\" \/>\n<meta property=\"article:modified_time\" content=\"2024-08-26T16:49:42+00:00\" \/>\n<meta name=\"twitter:card\" content=\"summary_large_image\" \/>\n<meta name=\"twitter:label1\" content=\"Tiempo de lectura\" \/>\n\t<meta name=\"twitter:data1\" content=\"1 minuto\" \/>\n<script type=\"application\/ld+json\" class=\"yoast-schema-graph\">{\"@context\":\"https:\/\/schema.org\",\"@graph\":[{\"@type\":\"WebPage\",\"@id\":\"https:\/\/cisa.cat\/es\/contacto\/\",\"url\":\"https:\/\/cisa.cat\/es\/contacto\/\",\"name\":\"Contacta con nosotros como empresa de obras civiles\",\"isPartOf\":{\"@id\":\"https:\/\/cisa.cat\/#website\"},\"datePublished\":\"2024-04-17T11:13:40+00:00\",\"dateModified\":\"2024-08-26T16:49:42+00:00\",\"description\":\"\u00bfTienes un proyecto de obra civil? Somos tu empresa constructora de obras civiles de confianza. \u00a1Contacta con nosotros para hacer realidad tu proyecto!\",\"breadcrumb\":{\"@id\":\"https:\/\/cisa.cat\/es\/contacto\/#breadcrumb\"},\"inLanguage\":\"es\",\"potentialAction\":[{\"@type\":\"ReadAction\",\"target\":[\"https:\/\/cisa.cat\/es\/contacto\/\"]}]},{\"@type\":\"BreadcrumbList\",\"@id\":\"https:\/\/cisa.cat\/es\/contacto\/#breadcrumb\",\"itemListElement\":[{\"@type\":\"ListItem\",\"position\":1,\"name\":\"Inici\",\"item\":\"https:\/\/cisa.cat\/es\/\"},{\"@type\":\"ListItem\",\"position\":2,\"name\":\"Contacto\"}]},{\"@type\":\"WebSite\",\"@id\":\"https:\/\/cisa.cat\/#website\",\"url\":\"https:\/\/cisa.cat\/\",\"name\":\"Cisa\",\"description\":\"\",\"publisher\":{\"@id\":\"https:\/\/cisa.cat\/#organization\"},\"potentialAction\":[{\"@type\":\"SearchAction\",\"target\":{\"@type\":\"EntryPoint\",\"urlTemplate\":\"https:\/\/cisa.cat\/?s={search_term_string}\"},\"query-input\":\"required name=search_term_string\"}],\"inLanguage\":\"es\"},{\"@type\":\"Organization\",\"@id\":\"https:\/\/cisa.cat\/#organization\",\"name\":\"Cisa\",\"url\":\"https:\/\/cisa.cat\/\",\"logo\":{\"@type\":\"ImageObject\",\"inLanguage\":\"es\",\"@id\":\"https:\/\/cisa.cat\/#\/schema\/logo\/image\/\",\"url\":\"https:\/\/cisa.cat\/wp-content\/uploads\/2024\/04\/cropped-logo.jpg\",\"contentUrl\":\"https:\/\/cisa.cat\/wp-content\/uploads\/2024\/04\/cropped-logo.jpg\",\"width\":512,\"height\":512,\"caption\":\"Cisa\"},\"image\":{\"@id\":\"https:\/\/cisa.cat\/#\/schema\/logo\/image\/\"},\"sameAs\":[\"https:\/\/www.facebook.com\/CatalanaInfraestructures\/?locale=es_ES\",\"https:\/\/www.linkedin.com\/company\/catalana-d'infraestructures-i-serveis-associats-sl\/about\/\"]}]}<\/script>\n<!-- \/ Yoast SEO plugin. -->","yoast_head_json":{"title":"Contacta con nosotros como empresa de obras civiles","description":"\u00bfTienes un proyecto de obra civil? Somos tu empresa constructora de obras civiles de confianza. \u00a1Contacta con nosotros para hacer realidad tu proyecto!","robots":{"index":"index","follow":"follow","max-snippet":"max-snippet:-1","max-image-preview":"max-image-preview:large","max-video-preview":"max-video-preview:-1"},"canonical":"https:\/\/cisa.cat\/es\/contacto\/","og_locale":"es_ES","og_type":"article","og_title":"Contacta con nosotros como empresa de obras civiles","og_description":"\u00bfTienes un proyecto de obra civil? Somos tu empresa constructora de obras civiles de confianza. \u00a1Contacta con nosotros para hacer realidad tu proyecto!","og_url":"https:\/\/cisa.cat\/es\/contacto\/","og_site_name":"Cisa","article_publisher":"https:\/\/www.facebook.com\/CatalanaInfraestructures\/?locale=es_ES","article_modified_time":"2024-08-26T16:49:42+00:00","twitter_card":"summary_large_image","twitter_misc":{"Tiempo de lectura":"1 minuto"},"schema":{"@context":"https:\/\/schema.org","@graph":[{"@type":"WebPage","@id":"https:\/\/cisa.cat\/es\/contacto\/","url":"https:\/\/cisa.cat\/es\/contacto\/","name":"Contacta con nosotros como empresa de obras civiles","isPartOf":{"@id":"https:\/\/cisa.cat\/#website"},"datePublished":"2024-04-17T11:13:40+00:00","dateModified":"2024-08-26T16:49:42+00:00","description":"\u00bfTienes un proyecto de obra civil? Somos tu empresa constructora de obras civiles de confianza. \u00a1Contacta con nosotros para hacer realidad tu proyecto!","breadcrumb":{"@id":"https:\/\/cisa.cat\/es\/contacto\/#breadcrumb"},"inLanguage":"es","potentialAction":[{"@type":"ReadAction","target":["https:\/\/cisa.cat\/es\/contacto\/"]}]},{"@type":"BreadcrumbList","@id":"https:\/\/cisa.cat\/es\/contacto\/#breadcrumb","itemListElement":[{"@type":"ListItem","position":1,"name":"Inici","item":"https:\/\/cisa.cat\/es\/"},{"@type":"ListItem","position":2,"name":"Contacto"}]},{"@type":"WebSite","@id":"https:\/\/cisa.cat\/#website","url":"https:\/\/cisa.cat\/","name":"Cisa","description":"","publisher":{"@id":"https:\/\/cisa.cat\/#organization"},"potentialAction":[{"@type":"SearchAction","target":{"@type":"EntryPoint","urlTemplate":"https:\/\/cisa.cat\/?s={search_term_string}"},"query-input":"required name=search_term_string"}],"inLanguage":"es"},{"@type":"Organization","@id":"https:\/\/cisa.cat\/#organization","name":"Cisa","url":"https:\/\/cisa.cat\/","logo":{"@type":"ImageObject","inLanguage":"es","@id":"https:\/\/cisa.cat\/#\/schema\/logo\/image\/","url":"https:\/\/cisa.cat\/wp-content\/uploads\/2024\/04\/cropped-logo.jpg","contentUrl":"https:\/\/cisa.cat\/wp-content\/uploads\/2024\/04\/cropped-logo.jpg","width":512,"height":512,"caption":"Cisa"},"image":{"@id":"https:\/\/cisa.cat\/#\/schema\/logo\/image\/"},"sameAs":["https:\/\/www.facebook.com\/CatalanaInfraestructures\/?locale=es_ES","https:\/\/www.linkedin.com\/company\/catalana-d'infraestructures-i-serveis-associats-sl\/about\/"]}]}},"_links":{"self":[{"href":"https:\/\/cisa.cat\/es\/wp-json\/wp\/v2\/pages\/12146","targetHints":{"allow":["GET"]}}],"collection":[{"href":"https:\/\/cisa.cat\/es\/wp-json\/wp\/v2\/pages"}],"about":[{"href":"https:\/\/cisa.cat\/es\/wp-json\/wp\/v2\/types\/page"}],"author":[{"embeddable":true,"href":"https:\/\/cisa.cat\/es\/wp-json\/wp\/v2\/users\/1"}],"replies":[{"embeddable":true,"href":"https:\/\/cisa.cat\/es\/wp-json\/wp\/v2\/comments?post=12146"}],"version-history":[{"count":15,"href":"https:\/\/cisa.cat\/es\/wp-json\/wp\/v2\/pages\/12146\/revisions"}],"predecessor-version":[{"id":12684,"href":"https:\/\/cisa.cat\/es\/wp-json\/wp\/v2\/pages\/12146\/revisions\/12684"}],"wp:attachment":[{"href":"https:\/\/cisa.cat\/es\/wp-json\/wp\/v2\/media?parent=12146"}],"curies":[{"name":"wp","href":"https:\/\/api.w.org\/{rel}","templated":true}]}}