{"id":12145,"date":"2024-04-17T12:54:59","date_gmt":"2024-04-17T10:54:59","guid":{"rendered":"https:\/\/cisa.cat\/claveguerams\/"},"modified":"2024-09-05T09:58:57","modified_gmt":"2024-09-05T07:58:57","slug":"alcantarillado","status":"publish","type":"page","link":"https:\/\/cisa.cat\/es\/alcantarillado\/","title":{"rendered":"Alcantarillado"},"content":{"rendered":"\t\t<div data-elementor-type=\"wp-page\" data-elementor-id=\"12145\" class=\"elementor elementor-12145 elementor-11470\">\n\t\t\t\t<div class=\"elementor-element elementor-element-74c527f e-flex e-con-boxed e-con e-parent\" data-id=\"74c527f\" data-element_type=\"container\" data-core-v316-plus=\"true\">\n\t\t\t\t\t<div class=\"e-con-inner\">\n\t\t\t\t<div class=\"elementor-element elementor-element-b2953f3 elementor-widget elementor-widget-heading\" data-id=\"b2953f3\" data-element_type=\"widget\" data-widget_type=\"heading.default\">\n\t\t\t\t<div class=\"elementor-widget-container\">\n\t\t\t<style>\/*! elementor - v3.20.0 - 26-03-2024 *\/\n.elementor-heading-title{padding:0;margin:0;line-height:1}.elementor-widget-heading .elementor-heading-title[class*=elementor-size-]>a{color:inherit;font-size:inherit;line-height:inherit}.elementor-widget-heading .elementor-heading-title.elementor-size-small{font-size:15px}.elementor-widget-heading .elementor-heading-title.elementor-size-medium{font-size:19px}.elementor-widget-heading .elementor-heading-title.elementor-size-large{font-size:29px}.elementor-widget-heading .elementor-heading-title.elementor-size-xl{font-size:39px}.elementor-widget-heading .elementor-heading-title.elementor-size-xxl{font-size:59px}<\/style><h1 class=\"elementor-heading-title elementor-size-default\">Alcantarillados<\/h1>\t\t<\/div>\n\t\t\t\t<\/div>\n\t\t\t\t<div class=\"elementor-element elementor-element-aeecf26 akin-star-rating--align-center elementor-widget elementor-widget-witr_section_title\" data-id=\"aeecf26\" data-element_type=\"widget\" data-widget_type=\"witr_section_title.default\">\n\t\t\t\t<div class=\"elementor-widget-container\">\n\t\t\t\t\t\t\t\t<!-- title left -->\n\t\t\t\t\t<div class=\"witr_section_title\">\n\t\t\t\t\t\t<div class=\"witr_section_title_inner text-left\">\n\t\t\t\t\t\t\n\t\t\t\t\t\t\t<!-- icon position -->\n\t\t\t\t\t\t\t\t\n\t\t\t\t\t\t\t<!-- end icon position -->\n\t\t\t\t\t\t\n\t\t\t\t\t\t\n\t\t\t\t\t\t\t<!-- title top -->\n\t\t\t\t\t\t\t\n\t\t\t\t\t\t\t<!-- icon position -->\n\t\t\t\t\t\t\t\t\n\t\t\t\t\t\t\t<!-- end icon position -->\n\n\t\t\t\t\t\t\t\n\t\t\t\t\t\t\t<!-- title middle -->\n\t\t\t\t\t\t\t\t\t\t\t\t\t\t<!-- title bottom -->\n\t\t\t\t\t\t\t\t\t\t\t\t\t\t\n\t\t\t\t\t\t\t<!-- icon position -->\n\t\t\t\t\t\t\t\t\t\t\t\t\t\t\n\t\t\t\t\t\t\t<!-- image -->\n\t\t\t\t\t\t\t\t\t\t\t\t\t\t<!-- icon -->\n\t\t\t\t\t\t\t\t\t\t\t\t\t\t\n\t\t\t\t\t\t\t<!-- bar -->\n\t\t\t\t\t\t\t\t\t\t\t\t\t\t<!-- circle bar -->\n\t\t\t\t\t\t\t\t\t\t\t\t\t\t\n\t\t\t\t\t\t\t\t\n\t\t\t\t\t\t\t<!-- end icon position -->\n\n\t\t\t\t\t\t\t<!-- content -->\n\t\t\t\t\t\t\t\t\t\t\t\t\t\t\t<p>Nos especializamos en una amplia variedad de sistemas de alcantarillado. Ofrecemos experiencia y conocimientos en la planificaci\u00f3n, dise\u00f1o, instalaci\u00f3n y mantenimiento de redes de alcantarillado tanto residenciales como comerciales.\n<br><br>\n\u00a1A\u00f1os de experiencia en todo tipo de alcantarillado! <\/p>\t\t\n\t\t\t\t\t\t\t\t\t\t\t\t\t<\/div>\n\t\t\t\t\t\t\t<!-- inner title -->\n\t\t\t\t\t\t\t\t\t\t\t\t\t\n\t\t\t\t\t<\/div>\t\t\t\t\n\t\t\t\t\t\t<\/div>\n\t\t\t\t<\/div>\n\t\t\t\t\t<\/div>\n\t\t\t\t<\/div>\n\t\t<div class=\"elementor-element elementor-element-1eaa0c1 e-flex e-con-boxed e-con e-parent\" data-id=\"1eaa0c1\" data-element_type=\"container\" data-core-v316-plus=\"true\">\n\t\t\t\t\t<div class=\"e-con-inner\">\n\t\t<div class=\"elementor-element elementor-element-369d290 e-con-full e-flex e-con e-child\" data-id=\"369d290\" data-element_type=\"container\">\n\t\t\t\t<div class=\"elementor-element elementor-element-6ef48e0 elementor-widget elementor-widget-image\" data-id=\"6ef48e0\" data-element_type=\"widget\" data-widget_type=\"image.default\">\n\t\t\t\t<div class=\"elementor-widget-container\">\n\t\t\t<style>\/*! elementor - v3.20.0 - 26-03-2024 *\/\n.elementor-widget-image{text-align:center}.elementor-widget-image a{display:inline-block}.elementor-widget-image a img[src$=\".svg\"]{width:48px}.elementor-widget-image img{vertical-align:middle;display:inline-block}<\/style>\t\t\t\t\t\t\t\t\t\t<img fetchpriority=\"high\" decoding=\"async\" width=\"1024\" height=\"768\" src=\"https:\/\/cisa.cat\/wp-content\/uploads\/2024\/04\/clavegueram3-1024x768.jpg\" class=\"attachment-large size-large wp-image-11510\" alt=\"Construcci\u00f3 i manteniment de clavegueram - Empresa de alcantarillado\" srcset=\"https:\/\/cisa.cat\/wp-content\/uploads\/2024\/04\/clavegueram3-1024x768.jpg 1024w, https:\/\/cisa.cat\/wp-content\/uploads\/2024\/04\/clavegueram3-300x225.jpg 300w, https:\/\/cisa.cat\/wp-content\/uploads\/2024\/04\/clavegueram3-768x576.jpg 768w, https:\/\/cisa.cat\/wp-content\/uploads\/2024\/04\/clavegueram3-1536x1152.jpg 1536w, https:\/\/cisa.cat\/wp-content\/uploads\/2024\/04\/clavegueram3.jpg 1600w\" sizes=\"(max-width: 1024px) 100vw, 1024px\" \/>\t\t\t\t\t\t\t\t\t\t\t\t\t<\/div>\n\t\t\t\t<\/div>\n\t\t\t\t<\/div>\n\t\t<div class=\"elementor-element elementor-element-88ef834 e-con-full e-flex e-con e-child\" data-id=\"88ef834\" data-element_type=\"container\">\n\t\t\t\t<div class=\"elementor-element elementor-element-150b3e5 elementor-widget elementor-widget-image\" data-id=\"150b3e5\" data-element_type=\"widget\" data-widget_type=\"image.default\">\n\t\t\t\t<div class=\"elementor-widget-container\">\n\t\t\t\t\t\t\t\t\t\t\t\t\t<img decoding=\"async\" width=\"1024\" height=\"768\" src=\"https:\/\/cisa.cat\/wp-content\/uploads\/2024\/04\/clavegueram2-1024x768.jpg\" class=\"attachment-large size-large wp-image-11511\" alt=\"Construcci\u00f3 i manteniment de clavegueram - Empresa de alcantarillado\" srcset=\"https:\/\/cisa.cat\/wp-content\/uploads\/2024\/04\/clavegueram2-1024x768.jpg 1024w, https:\/\/cisa.cat\/wp-content\/uploads\/2024\/04\/clavegueram2-300x225.jpg 300w, https:\/\/cisa.cat\/wp-content\/uploads\/2024\/04\/clavegueram2-768x576.jpg 768w, https:\/\/cisa.cat\/wp-content\/uploads\/2024\/04\/clavegueram2-1536x1152.jpg 1536w, https:\/\/cisa.cat\/wp-content\/uploads\/2024\/04\/clavegueram2.jpg 2048w\" sizes=\"(max-width: 1024px) 100vw, 1024px\" \/>\t\t\t\t\t\t\t\t\t\t\t\t\t<\/div>\n\t\t\t\t<\/div>\n\t\t\t\t<\/div>\n\t\t\t\t\t<\/div>\n\t\t\t\t<\/div>\n\t\t\t\t<\/div>\n\t\t","protected":false},"excerpt":{"rendered":"<p>Alcantarillados Nos especializamos en una amplia variedad de sistemas de alcantarillado. Ofrecemos experiencia y conocimientos en la planificaci\u00f3n, dise\u00f1o, instalaci\u00f3n y mantenimiento de redes de alcantarillado tanto residenciales como comerciales. \u00a1A\u00f1os de experiencia en todo tipo de alcantarillado!<\/p>\n","protected":false},"author":1,"featured_media":0,"parent":0,"menu_order":0,"comment_status":"closed","ping_status":"closed","template":"template-home.php","meta":{"footnotes":""},"class_list":["post-12145","page","type-page","status-publish","hentry"],"yoast_head":"<!-- This site is optimized with the Yoast SEO plugin v23.3 - https:\/\/yoast.com\/wordpress\/plugins\/seo\/ -->\n<title>Empresa de construcci\u00f3n y mantenimiento de alcantarillado<\/title>\n<meta name=\"description\" content=\"Empresa de alcantarillado. Especialistas en construcci\u00f3n y mantenimiento de redes de alcantarillado Ofrecemos soluciones sostenibles.\" \/>\n<meta name=\"robots\" content=\"index, follow, max-snippet:-1, max-image-preview:large, max-video-preview:-1\" \/>\n<link rel=\"canonical\" href=\"https:\/\/cisa.cat\/es\/alcantarillado\/\" \/>\n<meta property=\"og:locale\" content=\"es_ES\" \/>\n<meta property=\"og:type\" content=\"article\" \/>\n<meta property=\"og:title\" content=\"Empresa de construcci\u00f3n y mantenimiento de alcantarillado\" \/>\n<meta property=\"og:description\" content=\"Empresa de alcantarillado. Especialistas en construcci\u00f3n y mantenimiento de redes de alcantarillado Ofrecemos soluciones sostenibles.\" \/>\n<meta property=\"og:url\" content=\"https:\/\/cisa.cat\/es\/alcantarillado\/\" \/>\n<meta property=\"og:site_name\" content=\"Cisa\" \/>\n<meta property=\"article:publisher\" content=\"https:\/\/www.facebook.com\/CatalanaInfraestructures\/?locale=es_ES\" \/>\n<meta property=\"article:modified_time\" content=\"2024-09-05T07:58:57+00:00\" \/>\n<meta property=\"og:image\" content=\"https:\/\/cisa.cat\/wp-content\/uploads\/2024\/04\/clavegueram3-1024x768.jpg\" \/>\n<meta name=\"twitter:card\" content=\"summary_large_image\" \/>\n<meta name=\"twitter:label1\" content=\"Tiempo de lectura\" \/>\n\t<meta name=\"twitter:data1\" content=\"1 minuto\" \/>\n<script type=\"application\/ld+json\" class=\"yoast-schema-graph\">{\"@context\":\"https:\/\/schema.org\",\"@graph\":[{\"@type\":\"WebPage\",\"@id\":\"https:\/\/cisa.cat\/es\/alcantarillado\/\",\"url\":\"https:\/\/cisa.cat\/es\/alcantarillado\/\",\"name\":\"Empresa de construcci\u00f3n y mantenimiento de alcantarillado\",\"isPartOf\":{\"@id\":\"https:\/\/cisa.cat\/#website\"},\"primaryImageOfPage\":{\"@id\":\"https:\/\/cisa.cat\/es\/alcantarillado\/#primaryimage\"},\"image\":{\"@id\":\"https:\/\/cisa.cat\/es\/alcantarillado\/#primaryimage\"},\"thumbnailUrl\":\"https:\/\/cisa.cat\/wp-content\/uploads\/2024\/04\/clavegueram3-1024x768.jpg\",\"datePublished\":\"2024-04-17T10:54:59+00:00\",\"dateModified\":\"2024-09-05T07:58:57+00:00\",\"description\":\"Empresa de alcantarillado. Especialistas en construcci\u00f3n y mantenimiento de redes de alcantarillado Ofrecemos soluciones sostenibles.\",\"breadcrumb\":{\"@id\":\"https:\/\/cisa.cat\/es\/alcantarillado\/#breadcrumb\"},\"inLanguage\":\"es\",\"potentialAction\":[{\"@type\":\"ReadAction\",\"target\":[\"https:\/\/cisa.cat\/es\/alcantarillado\/\"]}]},{\"@type\":\"ImageObject\",\"inLanguage\":\"es\",\"@id\":\"https:\/\/cisa.cat\/es\/alcantarillado\/#primaryimage\",\"url\":\"https:\/\/cisa.cat\/wp-content\/uploads\/2024\/04\/clavegueram3-1024x768.jpg\",\"contentUrl\":\"https:\/\/cisa.cat\/wp-content\/uploads\/2024\/04\/clavegueram3-1024x768.jpg\"},{\"@type\":\"BreadcrumbList\",\"@id\":\"https:\/\/cisa.cat\/es\/alcantarillado\/#breadcrumb\",\"itemListElement\":[{\"@type\":\"ListItem\",\"position\":1,\"name\":\"Inici\",\"item\":\"https:\/\/cisa.cat\/es\/\"},{\"@type\":\"ListItem\",\"position\":2,\"name\":\"Alcantarillado\"}]},{\"@type\":\"WebSite\",\"@id\":\"https:\/\/cisa.cat\/#website\",\"url\":\"https:\/\/cisa.cat\/\",\"name\":\"Cisa\",\"description\":\"\",\"publisher\":{\"@id\":\"https:\/\/cisa.cat\/#organization\"},\"potentialAction\":[{\"@type\":\"SearchAction\",\"target\":{\"@type\":\"EntryPoint\",\"urlTemplate\":\"https:\/\/cisa.cat\/?s={search_term_string}\"},\"query-input\":\"required name=search_term_string\"}],\"inLanguage\":\"es\"},{\"@type\":\"Organization\",\"@id\":\"https:\/\/cisa.cat\/#organization\",\"name\":\"Cisa\",\"url\":\"https:\/\/cisa.cat\/\",\"logo\":{\"@type\":\"ImageObject\",\"inLanguage\":\"es\",\"@id\":\"https:\/\/cisa.cat\/#\/schema\/logo\/image\/\",\"url\":\"https:\/\/cisa.cat\/wp-content\/uploads\/2024\/04\/cropped-logo.jpg\",\"contentUrl\":\"https:\/\/cisa.cat\/wp-content\/uploads\/2024\/04\/cropped-logo.jpg\",\"width\":512,\"height\":512,\"caption\":\"Cisa\"},\"image\":{\"@id\":\"https:\/\/cisa.cat\/#\/schema\/logo\/image\/\"},\"sameAs\":[\"https:\/\/www.facebook.com\/CatalanaInfraestructures\/?locale=es_ES\",\"https:\/\/www.linkedin.com\/company\/catalana-d'infraestructures-i-serveis-associats-sl\/about\/\"]}]}<\/script>\n<!-- \/ Yoast SEO plugin. -->","yoast_head_json":{"title":"Empresa de construcci\u00f3n y mantenimiento de alcantarillado","description":"Empresa de alcantarillado. Especialistas en construcci\u00f3n y mantenimiento de redes de alcantarillado Ofrecemos soluciones sostenibles.","robots":{"index":"index","follow":"follow","max-snippet":"max-snippet:-1","max-image-preview":"max-image-preview:large","max-video-preview":"max-video-preview:-1"},"canonical":"https:\/\/cisa.cat\/es\/alcantarillado\/","og_locale":"es_ES","og_type":"article","og_title":"Empresa de construcci\u00f3n y mantenimiento de alcantarillado","og_description":"Empresa de alcantarillado. Especialistas en construcci\u00f3n y mantenimiento de redes de alcantarillado Ofrecemos soluciones sostenibles.","og_url":"https:\/\/cisa.cat\/es\/alcantarillado\/","og_site_name":"Cisa","article_publisher":"https:\/\/www.facebook.com\/CatalanaInfraestructures\/?locale=es_ES","article_modified_time":"2024-09-05T07:58:57+00:00","og_image":[{"url":"https:\/\/cisa.cat\/wp-content\/uploads\/2024\/04\/clavegueram3-1024x768.jpg"}],"twitter_card":"summary_large_image","twitter_misc":{"Tiempo de lectura":"1 minuto"},"schema":{"@context":"https:\/\/schema.org","@graph":[{"@type":"WebPage","@id":"https:\/\/cisa.cat\/es\/alcantarillado\/","url":"https:\/\/cisa.cat\/es\/alcantarillado\/","name":"Empresa de construcci\u00f3n y mantenimiento de alcantarillado","isPartOf":{"@id":"https:\/\/cisa.cat\/#website"},"primaryImageOfPage":{"@id":"https:\/\/cisa.cat\/es\/alcantarillado\/#primaryimage"},"image":{"@id":"https:\/\/cisa.cat\/es\/alcantarillado\/#primaryimage"},"thumbnailUrl":"https:\/\/cisa.cat\/wp-content\/uploads\/2024\/04\/clavegueram3-1024x768.jpg","datePublished":"2024-04-17T10:54:59+00:00","dateModified":"2024-09-05T07:58:57+00:00","description":"Empresa de alcantarillado. Especialistas en construcci\u00f3n y mantenimiento de redes de alcantarillado Ofrecemos soluciones sostenibles.","breadcrumb":{"@id":"https:\/\/cisa.cat\/es\/alcantarillado\/#breadcrumb"},"inLanguage":"es","potentialAction":[{"@type":"ReadAction","target":["https:\/\/cisa.cat\/es\/alcantarillado\/"]}]},{"@type":"ImageObject","inLanguage":"es","@id":"https:\/\/cisa.cat\/es\/alcantarillado\/#primaryimage","url":"https:\/\/cisa.cat\/wp-content\/uploads\/2024\/04\/clavegueram3-1024x768.jpg","contentUrl":"https:\/\/cisa.cat\/wp-content\/uploads\/2024\/04\/clavegueram3-1024x768.jpg"},{"@type":"BreadcrumbList","@id":"https:\/\/cisa.cat\/es\/alcantarillado\/#breadcrumb","itemListElement":[{"@type":"ListItem","position":1,"name":"Inici","item":"https:\/\/cisa.cat\/es\/"},{"@type":"ListItem","position":2,"name":"Alcantarillado"}]},{"@type":"WebSite","@id":"https:\/\/cisa.cat\/#website","url":"https:\/\/cisa.cat\/","name":"Cisa","description":"","publisher":{"@id":"https:\/\/cisa.cat\/#organization"},"potentialAction":[{"@type":"SearchAction","target":{"@type":"EntryPoint","urlTemplate":"https:\/\/cisa.cat\/?s={search_term_string}"},"query-input":"required name=search_term_string"}],"inLanguage":"es"},{"@type":"Organization","@id":"https:\/\/cisa.cat\/#organization","name":"Cisa","url":"https:\/\/cisa.cat\/","logo":{"@type":"ImageObject","inLanguage":"es","@id":"https:\/\/cisa.cat\/#\/schema\/logo\/image\/","url":"https:\/\/cisa.cat\/wp-content\/uploads\/2024\/04\/cropped-logo.jpg","contentUrl":"https:\/\/cisa.cat\/wp-content\/uploads\/2024\/04\/cropped-logo.jpg","width":512,"height":512,"caption":"Cisa"},"image":{"@id":"https:\/\/cisa.cat\/#\/schema\/logo\/image\/"},"sameAs":["https:\/\/www.facebook.com\/CatalanaInfraestructures\/?locale=es_ES","https:\/\/www.linkedin.com\/company\/catalana-d'infraestructures-i-serveis-associats-sl\/about\/"]}]}},"_links":{"self":[{"href":"https:\/\/cisa.cat\/es\/wp-json\/wp\/v2\/pages\/12145","targetHints":{"allow":["GET"]}}],"collection":[{"href":"https:\/\/cisa.cat\/es\/wp-json\/wp\/v2\/pages"}],"about":[{"href":"https:\/\/cisa.cat\/es\/wp-json\/wp\/v2\/types\/page"}],"author":[{"embeddable":true,"href":"https:\/\/cisa.cat\/es\/wp-json\/wp\/v2\/users\/1"}],"replies":[{"embeddable":true,"href":"https:\/\/cisa.cat\/es\/wp-json\/wp\/v2\/comments?post=12145"}],"version-history":[{"count":13,"href":"https:\/\/cisa.cat\/es\/wp-json\/wp\/v2\/pages\/12145\/revisions"}],"predecessor-version":[{"id":13019,"href":"https:\/\/cisa.cat\/es\/wp-json\/wp\/v2\/pages\/12145\/revisions\/13019"}],"wp:attachment":[{"href":"https:\/\/cisa.cat\/es\/wp-json\/wp\/v2\/media?parent=12145"}],"curies":[{"name":"wp","href":"https:\/\/api.w.org\/{rel}","templated":true}]}}