{"id":12144,"date":"2024-04-17T12:47:22","date_gmt":"2024-04-17T10:47:22","guid":{"rendered":"https:\/\/cisa.cat\/barrera-de-seguretat-mixta-fusta-acer\/"},"modified":"2024-09-05T10:05:59","modified_gmt":"2024-09-05T08:05:59","slug":"barrera-de-seguridad-mixta-madera-acero","status":"publish","type":"page","link":"https:\/\/cisa.cat\/es\/barrera-de-seguridad-mixta-madera-acero\/","title":{"rendered":"Barrera de seguridad mixta madera\/acero"},"content":{"rendered":"\t\t<div data-elementor-type=\"wp-page\" data-elementor-id=\"12144\" class=\"elementor elementor-12144 elementor-11466\">\n\t\t\t\t<div class=\"elementor-element elementor-element-74c527f e-flex e-con-boxed e-con e-parent\" data-id=\"74c527f\" data-element_type=\"container\" data-core-v316-plus=\"true\">\n\t\t\t\t\t<div class=\"e-con-inner\">\n\t\t\t\t<div class=\"elementor-element elementor-element-6d435d3 elementor-widget elementor-widget-heading\" data-id=\"6d435d3\" data-element_type=\"widget\" data-widget_type=\"heading.default\">\n\t\t\t\t<div class=\"elementor-widget-container\">\n\t\t\t<style>\/*! elementor - v3.20.0 - 26-03-2024 *\/\n.elementor-heading-title{padding:0;margin:0;line-height:1}.elementor-widget-heading .elementor-heading-title[class*=elementor-size-]>a{color:inherit;font-size:inherit;line-height:inherit}.elementor-widget-heading .elementor-heading-title.elementor-size-small{font-size:15px}.elementor-widget-heading .elementor-heading-title.elementor-size-medium{font-size:19px}.elementor-widget-heading .elementor-heading-title.elementor-size-large{font-size:29px}.elementor-widget-heading .elementor-heading-title.elementor-size-xl{font-size:39px}.elementor-widget-heading .elementor-heading-title.elementor-size-xxl{font-size:59px}<\/style><h1 class=\"elementor-heading-title elementor-size-default\">Barrera de seguridad mixta madera\/acero<\/h1>\t\t<\/div>\n\t\t\t\t<\/div>\n\t\t\t\t<div class=\"elementor-element elementor-element-aeecf26 akin-star-rating--align-center elementor-widget elementor-widget-witr_section_title\" data-id=\"aeecf26\" data-element_type=\"widget\" data-widget_type=\"witr_section_title.default\">\n\t\t\t\t<div class=\"elementor-widget-container\">\n\t\t\t\t\t\t\t\t<!-- title left -->\n\t\t\t\t\t<div class=\"witr_section_title\">\n\t\t\t\t\t\t<div class=\"witr_section_title_inner text-left\">\n\t\t\t\t\t\t\n\t\t\t\t\t\t\t<!-- icon position -->\n\t\t\t\t\t\t\t\t\n\t\t\t\t\t\t\t<!-- end icon position -->\n\t\t\t\t\t\t\n\t\t\t\t\t\t\n\t\t\t\t\t\t\t<!-- title top -->\n\t\t\t\t\t\t\t\n\t\t\t\t\t\t\t<!-- icon position -->\n\t\t\t\t\t\t\t\t\n\t\t\t\t\t\t\t<!-- end icon position -->\n\n\t\t\t\t\t\t\t\n\t\t\t\t\t\t\t<!-- title middle -->\n\t\t\t\t\t\t\t\t\t\t\t\t\t\t<!-- title bottom -->\n\t\t\t\t\t\t\t\t\t\t\t\t\t\t\n\t\t\t\t\t\t\t<!-- icon position -->\n\t\t\t\t\t\t\t\t\t\t\t\t\t\t\n\t\t\t\t\t\t\t<!-- image -->\n\t\t\t\t\t\t\t\t\t\t\t\t\t\t<!-- icon -->\n\t\t\t\t\t\t\t\t\t\t\t\t\t\t\n\t\t\t\t\t\t\t<!-- bar -->\n\t\t\t\t\t\t\t\t\t\t\t\t\t\t<!-- circle bar -->\n\t\t\t\t\t\t\t\t\t\t\t\t\t\t\n\t\t\t\t\t\t\t\t\n\t\t\t\t\t\t\t<!-- end icon position -->\n\n\t\t\t\t\t\t\t<!-- content -->\n\t\t\t\t\t\t\t\t\t\t\t\t\t\t\t<p>El servicio de barrera de seguridad mixta de madera y acero consiste en la instalaci\u00f3n de una valla de protecci\u00f3n compuesta por elementos de madera y acero. Esta combinaci\u00f3n proporciona una soluci\u00f3n eficaz y est\u00e9ticamente atractiva. Acota \u00e1reas y garantiza la seguridad en diferentes entornos, como parques, \u00e1reas residenciales, zonas industriales o viales.\n<br><br>\nLa madera aporta un aspecto natural y c\u00e1lido, mientras que el acero ofrece resistencia y durabilidad. La estructura resultante es robusta y resistente a las inclemencias meteorol\u00f3gicas. Totalmente adecuada para su uso en diversas condiciones clim\u00e1ticas y ambientales.\n<br><br>\nEste tipo de barrera mixta es vers\u00e1til y puede adaptarse a diferentes necesidades y estilos arquitect\u00f3nicos. Adem\u00e1s su dise\u00f1o modular permite una instalaci\u00f3n y mantenimiento sencillos.\n<br><br>\nEn resumen, el servicio de barrera de seguridad mixta de madera y acero ofrece una soluci\u00f3n integral que combina est\u00e9tica y funcionalidad para proporcionar seguridad y deslinde en diversos entornos. <\/p>\t\t\n\t\t\t\t\t\t\t\t\t\t\t\t\t<\/div>\n\t\t\t\t\t\t\t<!-- inner title -->\n\t\t\t\t\t\t\t\t\t\t\t\t\t\n\t\t\t\t\t<\/div>\t\t\t\t\n\t\t\t\t\t\t<\/div>\n\t\t\t\t<\/div>\n\t\t\t\t\t<\/div>\n\t\t\t\t<\/div>\n\t\t<div class=\"elementor-element elementor-element-1eaa0c1 e-flex e-con-boxed e-con e-parent\" data-id=\"1eaa0c1\" data-element_type=\"container\" data-core-v316-plus=\"true\">\n\t\t\t\t\t<div class=\"e-con-inner\">\n\t\t<div class=\"elementor-element elementor-element-369d290 e-con-full e-flex e-con e-child\" data-id=\"369d290\" data-element_type=\"container\">\n\t\t\t\t<div class=\"elementor-element elementor-element-6ef48e0 elementor-widget elementor-widget-image\" data-id=\"6ef48e0\" data-element_type=\"widget\" data-widget_type=\"image.default\">\n\t\t\t\t<div class=\"elementor-widget-container\">\n\t\t\t<style>\/*! elementor - v3.20.0 - 26-03-2024 *\/\n.elementor-widget-image{text-align:center}.elementor-widget-image a{display:inline-block}.elementor-widget-image a img[src$=\".svg\"]{width:48px}.elementor-widget-image img{vertical-align:middle;display:inline-block}<\/style>\t\t\t\t\t\t\t\t\t\t<img fetchpriority=\"high\" decoding=\"async\" width=\"560\" height=\"560\" src=\"https:\/\/cisa.cat\/wp-content\/uploads\/2024\/04\/barreres1-560x560.jpg\" class=\"attachment-akin-gallery-thumb size-akin-gallery-thumb wp-image-11487\" alt=\"Barrera de seguretat mixta fusta\/acer - Barreras de seguridad mixtas metal y madera\" srcset=\"https:\/\/cisa.cat\/wp-content\/uploads\/2024\/04\/barreres1-560x560.jpg 560w, https:\/\/cisa.cat\/wp-content\/uploads\/2024\/04\/barreres1-150x150.jpg 150w, https:\/\/cisa.cat\/wp-content\/uploads\/2024\/04\/barreres1-450x450.jpg 450w, https:\/\/cisa.cat\/wp-content\/uploads\/2024\/04\/barreres1-106x106.jpg 106w, https:\/\/cisa.cat\/wp-content\/uploads\/2024\/04\/barreres1-70x70.jpg 70w\" sizes=\"(max-width: 560px) 100vw, 560px\" \/>\t\t\t\t\t\t\t\t\t\t\t\t\t<\/div>\n\t\t\t\t<\/div>\n\t\t\t\t<\/div>\n\t\t<div class=\"elementor-element elementor-element-88ef834 e-con-full e-flex e-con e-child\" data-id=\"88ef834\" data-element_type=\"container\">\n\t\t\t\t<div class=\"elementor-element elementor-element-150b3e5 elementor-widget elementor-widget-image\" data-id=\"150b3e5\" data-element_type=\"widget\" data-widget_type=\"image.default\">\n\t\t\t\t<div class=\"elementor-widget-container\">\n\t\t\t\t\t\t\t\t\t\t\t\t\t<img decoding=\"async\" width=\"560\" height=\"560\" src=\"https:\/\/cisa.cat\/wp-content\/uploads\/2024\/04\/barreres2-560x560.jpg\" class=\"attachment-akin-gallery-thumb size-akin-gallery-thumb wp-image-11486\" alt=\"Barrera de seguretat mixta fusta\/acer - Barreras de seguridad mixtas metal y madera\" srcset=\"https:\/\/cisa.cat\/wp-content\/uploads\/2024\/04\/barreres2-560x560.jpg 560w, https:\/\/cisa.cat\/wp-content\/uploads\/2024\/04\/barreres2-150x150.jpg 150w, https:\/\/cisa.cat\/wp-content\/uploads\/2024\/04\/barreres2-450x450.jpg 450w, https:\/\/cisa.cat\/wp-content\/uploads\/2024\/04\/barreres2-106x106.jpg 106w, https:\/\/cisa.cat\/wp-content\/uploads\/2024\/04\/barreres2-70x70.jpg 70w\" sizes=\"(max-width: 560px) 100vw, 560px\" \/>\t\t\t\t\t\t\t\t\t\t\t\t\t<\/div>\n\t\t\t\t<\/div>\n\t\t\t\t<\/div>\n\t\t\t\t\t<\/div>\n\t\t\t\t<\/div>\n\t\t\t\t<\/div>\n\t\t","protected":false},"excerpt":{"rendered":"<p>Barrera de seguridad mixta madera\/acero El servicio de barrera de seguridad mixta de madera y acero consiste en la instalaci\u00f3n de una valla de protecci\u00f3n compuesta por elementos de madera y acero. Esta combinaci\u00f3n proporciona una soluci\u00f3n eficaz y est\u00e9ticamente atractiva. Acota \u00e1reas y garantiza la seguridad en diferentes entornos, como parques, \u00e1reas residenciales, zonas [&hellip;]<\/p>\n","protected":false},"author":1,"featured_media":0,"parent":0,"menu_order":0,"comment_status":"closed","ping_status":"closed","template":"template-home.php","meta":{"footnotes":""},"class_list":["post-12144","page","type-page","status-publish","hentry"],"yoast_head":"<!-- This site is optimized with the Yoast SEO plugin v23.3 - https:\/\/yoast.com\/wordpress\/plugins\/seo\/ -->\n<title>Barreras de seguridad mixtas metal y madera<\/title>\n<meta name=\"description\" content=\"Barreras de seguridad mixtas de metal y madera. Combinamos resistencia y est\u00e9tica para m\u00e1xima protecci\u00f3n. \u00a1Consulta con nosotros!\" \/>\n<meta name=\"robots\" content=\"index, follow, max-snippet:-1, max-image-preview:large, max-video-preview:-1\" \/>\n<link rel=\"canonical\" href=\"https:\/\/cisa.cat\/es\/barrera-de-seguridad-mixta-madera-acero\/\" \/>\n<meta property=\"og:locale\" content=\"es_ES\" \/>\n<meta property=\"og:type\" content=\"article\" \/>\n<meta property=\"og:title\" content=\"Barreras de seguridad mixtas metal y madera\" \/>\n<meta property=\"og:description\" content=\"Barreras de seguridad mixtas de metal y madera. Combinamos resistencia y est\u00e9tica para m\u00e1xima protecci\u00f3n. \u00a1Consulta con nosotros!\" \/>\n<meta property=\"og:url\" content=\"https:\/\/cisa.cat\/es\/barrera-de-seguridad-mixta-madera-acero\/\" \/>\n<meta property=\"og:site_name\" content=\"Cisa\" \/>\n<meta property=\"article:publisher\" content=\"https:\/\/www.facebook.com\/CatalanaInfraestructures\/?locale=es_ES\" \/>\n<meta property=\"article:modified_time\" content=\"2024-09-05T08:05:59+00:00\" \/>\n<meta property=\"og:image\" content=\"https:\/\/cisa.cat\/wp-content\/uploads\/2024\/04\/barreres1-560x560.jpg\" \/>\n<meta name=\"twitter:card\" content=\"summary_large_image\" \/>\n<meta name=\"twitter:label1\" content=\"Tiempo de lectura\" \/>\n\t<meta name=\"twitter:data1\" content=\"2 minutos\" \/>\n<script type=\"application\/ld+json\" class=\"yoast-schema-graph\">{\"@context\":\"https:\/\/schema.org\",\"@graph\":[{\"@type\":\"WebPage\",\"@id\":\"https:\/\/cisa.cat\/es\/barrera-de-seguridad-mixta-madera-acero\/\",\"url\":\"https:\/\/cisa.cat\/es\/barrera-de-seguridad-mixta-madera-acero\/\",\"name\":\"Barreras de seguridad mixtas metal y madera\",\"isPartOf\":{\"@id\":\"https:\/\/cisa.cat\/#website\"},\"primaryImageOfPage\":{\"@id\":\"https:\/\/cisa.cat\/es\/barrera-de-seguridad-mixta-madera-acero\/#primaryimage\"},\"image\":{\"@id\":\"https:\/\/cisa.cat\/es\/barrera-de-seguridad-mixta-madera-acero\/#primaryimage\"},\"thumbnailUrl\":\"https:\/\/cisa.cat\/wp-content\/uploads\/2024\/04\/barreres1-560x560.jpg\",\"datePublished\":\"2024-04-17T10:47:22+00:00\",\"dateModified\":\"2024-09-05T08:05:59+00:00\",\"description\":\"Barreras de seguridad mixtas de metal y madera. Combinamos resistencia y est\u00e9tica para m\u00e1xima protecci\u00f3n. \u00a1Consulta con nosotros!\",\"breadcrumb\":{\"@id\":\"https:\/\/cisa.cat\/es\/barrera-de-seguridad-mixta-madera-acero\/#breadcrumb\"},\"inLanguage\":\"es\",\"potentialAction\":[{\"@type\":\"ReadAction\",\"target\":[\"https:\/\/cisa.cat\/es\/barrera-de-seguridad-mixta-madera-acero\/\"]}]},{\"@type\":\"ImageObject\",\"inLanguage\":\"es\",\"@id\":\"https:\/\/cisa.cat\/es\/barrera-de-seguridad-mixta-madera-acero\/#primaryimage\",\"url\":\"https:\/\/cisa.cat\/wp-content\/uploads\/2024\/04\/barreres1-560x560.jpg\",\"contentUrl\":\"https:\/\/cisa.cat\/wp-content\/uploads\/2024\/04\/barreres1-560x560.jpg\"},{\"@type\":\"BreadcrumbList\",\"@id\":\"https:\/\/cisa.cat\/es\/barrera-de-seguridad-mixta-madera-acero\/#breadcrumb\",\"itemListElement\":[{\"@type\":\"ListItem\",\"position\":1,\"name\":\"Inici\",\"item\":\"https:\/\/cisa.cat\/es\/\"},{\"@type\":\"ListItem\",\"position\":2,\"name\":\"Barrera de seguridad mixta madera\/acero\"}]},{\"@type\":\"WebSite\",\"@id\":\"https:\/\/cisa.cat\/#website\",\"url\":\"https:\/\/cisa.cat\/\",\"name\":\"Cisa\",\"description\":\"\",\"publisher\":{\"@id\":\"https:\/\/cisa.cat\/#organization\"},\"potentialAction\":[{\"@type\":\"SearchAction\",\"target\":{\"@type\":\"EntryPoint\",\"urlTemplate\":\"https:\/\/cisa.cat\/?s={search_term_string}\"},\"query-input\":\"required name=search_term_string\"}],\"inLanguage\":\"es\"},{\"@type\":\"Organization\",\"@id\":\"https:\/\/cisa.cat\/#organization\",\"name\":\"Cisa\",\"url\":\"https:\/\/cisa.cat\/\",\"logo\":{\"@type\":\"ImageObject\",\"inLanguage\":\"es\",\"@id\":\"https:\/\/cisa.cat\/#\/schema\/logo\/image\/\",\"url\":\"https:\/\/cisa.cat\/wp-content\/uploads\/2024\/04\/cropped-logo.jpg\",\"contentUrl\":\"https:\/\/cisa.cat\/wp-content\/uploads\/2024\/04\/cropped-logo.jpg\",\"width\":512,\"height\":512,\"caption\":\"Cisa\"},\"image\":{\"@id\":\"https:\/\/cisa.cat\/#\/schema\/logo\/image\/\"},\"sameAs\":[\"https:\/\/www.facebook.com\/CatalanaInfraestructures\/?locale=es_ES\",\"https:\/\/www.linkedin.com\/company\/catalana-d'infraestructures-i-serveis-associats-sl\/about\/\"]}]}<\/script>\n<!-- \/ Yoast SEO plugin. -->","yoast_head_json":{"title":"Barreras de seguridad mixtas metal y madera","description":"Barreras de seguridad mixtas de metal y madera. Combinamos resistencia y est\u00e9tica para m\u00e1xima protecci\u00f3n. \u00a1Consulta con nosotros!","robots":{"index":"index","follow":"follow","max-snippet":"max-snippet:-1","max-image-preview":"max-image-preview:large","max-video-preview":"max-video-preview:-1"},"canonical":"https:\/\/cisa.cat\/es\/barrera-de-seguridad-mixta-madera-acero\/","og_locale":"es_ES","og_type":"article","og_title":"Barreras de seguridad mixtas metal y madera","og_description":"Barreras de seguridad mixtas de metal y madera. Combinamos resistencia y est\u00e9tica para m\u00e1xima protecci\u00f3n. \u00a1Consulta con nosotros!","og_url":"https:\/\/cisa.cat\/es\/barrera-de-seguridad-mixta-madera-acero\/","og_site_name":"Cisa","article_publisher":"https:\/\/www.facebook.com\/CatalanaInfraestructures\/?locale=es_ES","article_modified_time":"2024-09-05T08:05:59+00:00","og_image":[{"url":"https:\/\/cisa.cat\/wp-content\/uploads\/2024\/04\/barreres1-560x560.jpg"}],"twitter_card":"summary_large_image","twitter_misc":{"Tiempo de lectura":"2 minutos"},"schema":{"@context":"https:\/\/schema.org","@graph":[{"@type":"WebPage","@id":"https:\/\/cisa.cat\/es\/barrera-de-seguridad-mixta-madera-acero\/","url":"https:\/\/cisa.cat\/es\/barrera-de-seguridad-mixta-madera-acero\/","name":"Barreras de seguridad mixtas metal y madera","isPartOf":{"@id":"https:\/\/cisa.cat\/#website"},"primaryImageOfPage":{"@id":"https:\/\/cisa.cat\/es\/barrera-de-seguridad-mixta-madera-acero\/#primaryimage"},"image":{"@id":"https:\/\/cisa.cat\/es\/barrera-de-seguridad-mixta-madera-acero\/#primaryimage"},"thumbnailUrl":"https:\/\/cisa.cat\/wp-content\/uploads\/2024\/04\/barreres1-560x560.jpg","datePublished":"2024-04-17T10:47:22+00:00","dateModified":"2024-09-05T08:05:59+00:00","description":"Barreras de seguridad mixtas de metal y madera. Combinamos resistencia y est\u00e9tica para m\u00e1xima protecci\u00f3n. \u00a1Consulta con nosotros!","breadcrumb":{"@id":"https:\/\/cisa.cat\/es\/barrera-de-seguridad-mixta-madera-acero\/#breadcrumb"},"inLanguage":"es","potentialAction":[{"@type":"ReadAction","target":["https:\/\/cisa.cat\/es\/barrera-de-seguridad-mixta-madera-acero\/"]}]},{"@type":"ImageObject","inLanguage":"es","@id":"https:\/\/cisa.cat\/es\/barrera-de-seguridad-mixta-madera-acero\/#primaryimage","url":"https:\/\/cisa.cat\/wp-content\/uploads\/2024\/04\/barreres1-560x560.jpg","contentUrl":"https:\/\/cisa.cat\/wp-content\/uploads\/2024\/04\/barreres1-560x560.jpg"},{"@type":"BreadcrumbList","@id":"https:\/\/cisa.cat\/es\/barrera-de-seguridad-mixta-madera-acero\/#breadcrumb","itemListElement":[{"@type":"ListItem","position":1,"name":"Inici","item":"https:\/\/cisa.cat\/es\/"},{"@type":"ListItem","position":2,"name":"Barrera de seguridad mixta madera\/acero"}]},{"@type":"WebSite","@id":"https:\/\/cisa.cat\/#website","url":"https:\/\/cisa.cat\/","name":"Cisa","description":"","publisher":{"@id":"https:\/\/cisa.cat\/#organization"},"potentialAction":[{"@type":"SearchAction","target":{"@type":"EntryPoint","urlTemplate":"https:\/\/cisa.cat\/?s={search_term_string}"},"query-input":"required name=search_term_string"}],"inLanguage":"es"},{"@type":"Organization","@id":"https:\/\/cisa.cat\/#organization","name":"Cisa","url":"https:\/\/cisa.cat\/","logo":{"@type":"ImageObject","inLanguage":"es","@id":"https:\/\/cisa.cat\/#\/schema\/logo\/image\/","url":"https:\/\/cisa.cat\/wp-content\/uploads\/2024\/04\/cropped-logo.jpg","contentUrl":"https:\/\/cisa.cat\/wp-content\/uploads\/2024\/04\/cropped-logo.jpg","width":512,"height":512,"caption":"Cisa"},"image":{"@id":"https:\/\/cisa.cat\/#\/schema\/logo\/image\/"},"sameAs":["https:\/\/www.facebook.com\/CatalanaInfraestructures\/?locale=es_ES","https:\/\/www.linkedin.com\/company\/catalana-d'infraestructures-i-serveis-associats-sl\/about\/"]}]}},"_links":{"self":[{"href":"https:\/\/cisa.cat\/es\/wp-json\/wp\/v2\/pages\/12144","targetHints":{"allow":["GET"]}}],"collection":[{"href":"https:\/\/cisa.cat\/es\/wp-json\/wp\/v2\/pages"}],"about":[{"href":"https:\/\/cisa.cat\/es\/wp-json\/wp\/v2\/types\/page"}],"author":[{"embeddable":true,"href":"https:\/\/cisa.cat\/es\/wp-json\/wp\/v2\/users\/1"}],"replies":[{"embeddable":true,"href":"https:\/\/cisa.cat\/es\/wp-json\/wp\/v2\/comments?post=12144"}],"version-history":[{"count":10,"href":"https:\/\/cisa.cat\/es\/wp-json\/wp\/v2\/pages\/12144\/revisions"}],"predecessor-version":[{"id":13023,"href":"https:\/\/cisa.cat\/es\/wp-json\/wp\/v2\/pages\/12144\/revisions\/13023"}],"wp:attachment":[{"href":"https:\/\/cisa.cat\/es\/wp-json\/wp\/v2\/media?parent=12144"}],"curies":[{"name":"wp","href":"https:\/\/api.w.org\/{rel}","templated":true}]}}